{"id":539,"date":"2024-08-08T20:51:53","date_gmt":"2024-08-08T20:51:53","guid":{"rendered":"https:\/\/prizmagroup.net\/sepet\/"},"modified":"2024-08-08T21:00:40","modified_gmt":"2024-08-08T21:00:40","slug":"sepet","status":"publish","type":"page","link":"https:\/\/prizmagroup.net\/en\/sepet\/","title":{"rendered":"Sepet"},"content":{"rendered":"<div data-block-name=\"woocommerce\/cart\" class=\"wp-block-woocommerce-cart alignwide is-loading\"><div data-block-name=\"woocommerce\/filled-cart-block\" class=\"wp-block-woocommerce-filled-cart-block\"><div data-block-name=\"woocommerce\/cart-items-block\" class=\"wp-block-woocommerce-cart-items-block\"><div data-block-name=\"woocommerce\/cart-line-items-block\" class=\"wp-block-woocommerce-cart-line-items-block\"><\/div>\n\n<div data-block-name=\"woocommerce\/cart-cross-sells-block\" class=\"wp-block-woocommerce-cart-cross-sells-block\"><h2 class=\"wp-block-heading has-large-font-size\">\u0130lginizi \u00e7ekebilir\u2026<\/h2>\n\n<div data-block-name=\"woocommerce\/cart-cross-sells-products-block\" class=\"wp-block-woocommerce-cart-cross-sells-products-block\"><\/div><\/div><\/div>\n\n<div data-block-name=\"woocommerce\/cart-totals-block\" class=\"wp-block-woocommerce-cart-totals-block\"><div data-block-name=\"woocommerce\/cart-order-summary-block\" class=\"wp-block-woocommerce-cart-order-summary-block\"><div data-block-name=\"woocommerce\/cart-order-summary-heading-block\" class=\"wp-block-woocommerce-cart-order-summary-heading-block\"><\/div><div data-block-name=\"woocommerce\/cart-order-summary-coupon-form-block\" class=\"wp-block-woocommerce-cart-order-summary-coupon-form-block\"><\/div><div data-block-name=\"woocommerce\/cart-order-summary-totals-block\" class=\"wp-block-woocommerce-cart-order-summary-totals-block\">\n<div data-block-name=\"woocommerce\/cart-order-summary-subtotal-block\" class=\"wp-block-woocommerce-cart-order-summary-subtotal-block\"><\/div>\n<div data-block-name=\"woocommerce\/cart-order-summary-discount-block\" class=\"wp-block-woocommerce-cart-order-summary-discount-block\"><\/div>\n<div data-block-name=\"woocommerce\/cart-order-summary-fee-block\" class=\"wp-block-woocommerce-cart-order-summary-fee-block\"><\/div>\n<div data-block-name=\"woocommerce\/cart-order-summary-shipping-block\" class=\"wp-block-woocommerce-cart-order-summary-shipping-block\"><\/div>\n<div data-block-name=\"woocommerce\/cart-order-summary-taxes-block\" class=\"wp-block-woocommerce-cart-order-summary-taxes-block\"><\/div><\/div><\/div>\n\n<div data-block-name=\"woocommerce\/cart-express-payment-block\" class=\"wp-block-woocommerce-cart-express-payment-block\"><\/div>\n\n<div data-block-name=\"woocommerce\/proceed-to-checkout-block\" class=\"wp-block-woocommerce-proceed-to-checkout-block\"><\/div>\n\n<div data-block-name=\"woocommerce\/cart-accepted-payment-methods-block\" class=\"wp-block-woocommerce-cart-accepted-payment-methods-block\"><\/div><\/div><\/div>\n\n<div data-block-name=\"woocommerce\/empty-cart-block\" class=\"wp-block-woocommerce-empty-cart-block\"><h2 class=\"wp-block-heading has-text-align-center with-empty-cart-icon wc-block-cart__empty-cart__title\">Sepetiniz \u015fu anda bo\u015f!<\/h2>\n\n<hr class=\"wp-block-separator has-alpha-channel-opacity is-style-dots\"\/>\n\n<h2 class=\"wp-block-heading has-text-align-center\">Ma\u011fazada yeni<\/h2>\n\n<div data-block-name=\"woocommerce\/product-new\" data-columns=\"4\" data-rows=\"1\" class=\"wc-block-grid wp-block-product-new wc-block-product-new has-4-columns\"><ul class=\"wc-block-grid__products\"><li class=\"wc-block-grid__product\">\n\t\t\t\t<a href=\"https:\/\/prizmagroup.net\/en\/projeler\/avcilar-ilcesi-sukrubey-metrobus-duragi-yaya-ustgecidi-yapilmasi-projesi\/\" class=\"wc-block-grid__product-link\">\n\t\t\t\t\t\n\t\t\t\t\t<div class=\"wc-block-grid__product-image\"><img fetchpriority=\"high\" decoding=\"async\" width=\"300\" height=\"300\" src=\"https:\/\/prizmagroup.net\/wp-content\/uploads\/2024\/08\/6-4-300x300.jpg\" class=\"attachment-woocommerce_thumbnail size-woocommerce_thumbnail\" alt=\"199. Avc\u0131lar \u0130l\u00e7esi \u015e\u00fckr\u00fcbey Metrob\u00fcs Dura\u011f\u0131 Yaya \u00dcstge\u00e7idi Yap\u0131lmas\u0131 Projesi\" srcset=\"https:\/\/prizmagroup.net\/wp-content\/uploads\/2024\/08\/6-4-300x300.jpg 300w, https:\/\/prizmagroup.net\/wp-content\/uploads\/2024\/08\/6-4-150x150.jpg 150w, https:\/\/prizmagroup.net\/wp-content\/uploads\/2024\/08\/6-4-100x100.jpg 100w\" sizes=\"(max-width: 300px) 100vw, 300px\" \/><\/div>\n\t\t\t\t\t<div class=\"wc-block-grid__product-title\">199. Avc\u0131lar District, \u015e\u00fckr\u00fcbeyMetrobus Station Pedestrain Overpass Bridge Project<\/div>\n\t\t\t\t<\/a>\n\t\t\t\t<div class=\"wc-block-grid__product-price price\"><\/div>\n\t\t\t\t\n\t\t\t\t<div class=\"wp-block-button wc-block-grid__product-add-to-cart\"><a href=\"https:\/\/prizmagroup.net\/en\/projeler\/avcilar-ilcesi-sukrubey-metrobus-duragi-yaya-ustgecidi-yapilmasi-projesi\/\" aria-label=\"Read more about \u201c199. Avc\u0131lar \u0130l\u00e7esi \u015e\u00fckr\u00fcbey Metrob\u00fcs Dura\u011f\u0131 Yaya \u00dcstge\u00e7idi Yap\u0131lmas\u0131 Projesi\u201d\" data-quantity=\"1\" data-product_id=\"985\" data-product_sku=\"\" data-price=\"0\" rel=\"nofollow\" class=\"wp-block-button__link  add_to_cart_button\" data-no-translation=\"\" data-trp-gettext=\"\" data-no-translation-aria-label=\"\">Read more<\/a><\/div>\n\t\t\t<\/li><li class=\"wc-block-grid__product\">\n\t\t\t\t<a href=\"https:\/\/prizmagroup.net\/en\/projeler\/derince-ilcesi-haydarpasa-ankara-hatti-demiryolu-koprusu-uygulama-projesi-hazirlama-hizmet-isi\/\" class=\"wc-block-grid__product-link\">\n\t\t\t\t\t\n\t\t\t\t\t<div class=\"wc-block-grid__product-image\"><img decoding=\"async\" width=\"300\" height=\"300\" src=\"https:\/\/prizmagroup.net\/wp-content\/uploads\/woocommerce-placeholder-300x300.png\" class=\"woocommerce-placeholder wp-post-image\" alt=\"\" srcset=\"https:\/\/prizmagroup.net\/wp-content\/uploads\/woocommerce-placeholder-300x300.png 300w, https:\/\/prizmagroup.net\/wp-content\/uploads\/woocommerce-placeholder-100x100.png 100w, https:\/\/prizmagroup.net\/wp-content\/uploads\/woocommerce-placeholder-600x600.png 600w, https:\/\/prizmagroup.net\/wp-content\/uploads\/woocommerce-placeholder-1024x1024.png 1024w, https:\/\/prizmagroup.net\/wp-content\/uploads\/woocommerce-placeholder-150x150.png 150w, https:\/\/prizmagroup.net\/wp-content\/uploads\/woocommerce-placeholder-768x768.png 768w, https:\/\/prizmagroup.net\/wp-content\/uploads\/woocommerce-placeholder.png 1200w\" sizes=\"(max-width: 300px) 100vw, 300px\" \/><\/div>\n\t\t\t\t\t<div class=\"wc-block-grid__product-title\">198. Derince District Haydarpa\u015fa Ankara Line Railway Bridge Final Design Project Preparation Work<\/div>\n\t\t\t\t<\/a>\n\t\t\t\t<div class=\"wc-block-grid__product-price price\"><\/div>\n\t\t\t\t\n\t\t\t\t<div class=\"wp-block-button wc-block-grid__product-add-to-cart\"><a href=\"https:\/\/prizmagroup.net\/en\/projeler\/derince-ilcesi-haydarpasa-ankara-hatti-demiryolu-koprusu-uygulama-projesi-hazirlama-hizmet-isi\/\" aria-label=\"Read more about \u201c198. Derince \u0130l\u00e7esi Haydarpa\u015fa Ankara Hatt\u0131 Demiryolu K\u00f6pr\u00fcs\u00fc Uygulama Projesi Haz\u0131rlama Hizmet \u0130\u015fi\u201d\" data-quantity=\"1\" data-product_id=\"984\" data-product_sku=\"\" data-price=\"0\" rel=\"nofollow\" class=\"wp-block-button__link  add_to_cart_button\" data-no-translation=\"\" data-trp-gettext=\"\" data-no-translation-aria-label=\"\">Read more<\/a><\/div>\n\t\t\t<\/li><li class=\"wc-block-grid__product\">\n\t\t\t\t<a href=\"https:\/\/prizmagroup.net\/en\/projeler\/adapazari-hendek-ayr-karapurcek-akyazi-il-yolu-toprak-isleri-sanat-yapilari-kopru-isleri-ustyapi-ve-cesitli-isler-yapim-isi-etut-proje-ve-muhendislik-hizmetleri\/\" class=\"wc-block-grid__product-link\">\n\t\t\t\t\t\n\t\t\t\t\t<div class=\"wc-block-grid__product-image\"><img decoding=\"async\" width=\"300\" height=\"300\" src=\"https:\/\/prizmagroup.net\/wp-content\/uploads\/woocommerce-placeholder-300x300.png\" class=\"woocommerce-placeholder wp-post-image\" alt=\"\" srcset=\"https:\/\/prizmagroup.net\/wp-content\/uploads\/woocommerce-placeholder-300x300.png 300w, https:\/\/prizmagroup.net\/wp-content\/uploads\/woocommerce-placeholder-100x100.png 100w, https:\/\/prizmagroup.net\/wp-content\/uploads\/woocommerce-placeholder-600x600.png 600w, https:\/\/prizmagroup.net\/wp-content\/uploads\/woocommerce-placeholder-1024x1024.png 1024w, https:\/\/prizmagroup.net\/wp-content\/uploads\/woocommerce-placeholder-150x150.png 150w, https:\/\/prizmagroup.net\/wp-content\/uploads\/woocommerce-placeholder-768x768.png 768w, https:\/\/prizmagroup.net\/wp-content\/uploads\/woocommerce-placeholder.png 1200w\" sizes=\"(max-width: 300px) 100vw, 300px\" \/><\/div>\n\t\t\t\t\t<div class=\"wc-block-grid__product-title\">197.  (Adapazar\u0131-Hendek) Distinction - Karap\u00fcr\u00e7ek \u2013 Akyaz\u0131 Provincial road Earth Works, Infra structures, Bridges Works, Superstructure and Various Works Construction Work\nSurvey Project Engineering Works<\/div>\n\t\t\t\t<\/a>\n\t\t\t\t<div class=\"wc-block-grid__product-price price\"><\/div>\n\t\t\t\t\n\t\t\t\t<div class=\"wp-block-button wc-block-grid__product-add-to-cart\"><a href=\"https:\/\/prizmagroup.net\/en\/projeler\/adapazari-hendek-ayr-karapurcek-akyazi-il-yolu-toprak-isleri-sanat-yapilari-kopru-isleri-ustyapi-ve-cesitli-isler-yapim-isi-etut-proje-ve-muhendislik-hizmetleri\/\" aria-label=\"Read more about \u201c197. (Adapazar\u0131-Hendek) Ayr - Karap\u00fcr\u00e7ek - Akyaz\u0131 \u0130l Yolu Toprak \u0130\u015fleri, Sanat Yap\u0131lar\u0131, K\u00f6pr\u00fc \u0130\u015fleri, \u00dcstyap\u0131 ve \u00c7e\u015fitli \u0130\u015fler Yap\u0131m \u0130\u015fi Et\u00fct, Proje ve M\u00fchendislik Hizmetleri\u201d\" data-quantity=\"1\" data-product_id=\"983\" data-product_sku=\"\" data-price=\"0\" rel=\"nofollow\" class=\"wp-block-button__link  add_to_cart_button\" data-no-translation=\"\" data-trp-gettext=\"\" data-no-translation-aria-label=\"\">Read more<\/a><\/div>\n\t\t\t<\/li><li class=\"wc-block-grid__product\">\n\t\t\t\t<a href=\"https:\/\/prizmagroup.net\/en\/projeler\/derince-limani-d100-ve-tem-otoyolu-baglanti-yolu-yapim-isi\/\" class=\"wc-block-grid__product-link\">\n\t\t\t\t\t\n\t\t\t\t\t<div class=\"wc-block-grid__product-image\"><img decoding=\"async\" width=\"300\" height=\"300\" src=\"https:\/\/prizmagroup.net\/wp-content\/uploads\/woocommerce-placeholder-300x300.png\" class=\"woocommerce-placeholder wp-post-image\" alt=\"\" srcset=\"https:\/\/prizmagroup.net\/wp-content\/uploads\/woocommerce-placeholder-300x300.png 300w, https:\/\/prizmagroup.net\/wp-content\/uploads\/woocommerce-placeholder-100x100.png 100w, https:\/\/prizmagroup.net\/wp-content\/uploads\/woocommerce-placeholder-600x600.png 600w, https:\/\/prizmagroup.net\/wp-content\/uploads\/woocommerce-placeholder-1024x1024.png 1024w, https:\/\/prizmagroup.net\/wp-content\/uploads\/woocommerce-placeholder-150x150.png 150w, https:\/\/prizmagroup.net\/wp-content\/uploads\/woocommerce-placeholder-768x768.png 768w, https:\/\/prizmagroup.net\/wp-content\/uploads\/woocommerce-placeholder.png 1200w\" sizes=\"(max-width: 300px) 100vw, 300px\" \/><\/div>\n\t\t\t\t\t<div class=\"wc-block-grid__product-title\">196. Derince Harbour D100 and TEM Motorway Connection road Construction Work  Survey Project Engineering Works<\/div>\n\t\t\t\t<\/a>\n\t\t\t\t<div class=\"wc-block-grid__product-price price\"><\/div>\n\t\t\t\t\n\t\t\t\t<div class=\"wp-block-button wc-block-grid__product-add-to-cart\"><a href=\"https:\/\/prizmagroup.net\/en\/projeler\/derince-limani-d100-ve-tem-otoyolu-baglanti-yolu-yapim-isi\/\" aria-label=\"Read more about \u201c196. Derince Liman\u0131 D100 ve TEM Otoyolu Ba\u011flant\u0131 Yolu Yap\u0131m \u0130\u015fi\u201d\" data-quantity=\"1\" data-product_id=\"982\" data-product_sku=\"\" data-price=\"0\" rel=\"nofollow\" class=\"wp-block-button__link  add_to_cart_button\" data-no-translation=\"\" data-trp-gettext=\"\" data-no-translation-aria-label=\"\">Read more<\/a><\/div>\n\t\t\t<\/li><\/ul><\/div><\/div><\/div>","protected":false},"excerpt":{"rendered":"","protected":false},"author":1,"featured_media":0,"parent":0,"menu_order":0,"comment_status":"closed","ping_status":"closed","template":"","meta":{"footnotes":""},"class_list":["post-539","page","type-page","status-publish","hentry"],"_links":{"self":[{"href":"https:\/\/prizmagroup.net\/en\/wp-json\/wp\/v2\/pages\/539","targetHints":{"allow":["GET"]}}],"collection":[{"href":"https:\/\/prizmagroup.net\/en\/wp-json\/wp\/v2\/pages"}],"about":[{"href":"https:\/\/prizmagroup.net\/en\/wp-json\/wp\/v2\/types\/page"}],"author":[{"embeddable":true,"href":"https:\/\/prizmagroup.net\/en\/wp-json\/wp\/v2\/users\/1"}],"replies":[{"embeddable":true,"href":"https:\/\/prizmagroup.net\/en\/wp-json\/wp\/v2\/comments?post=539"}],"version-history":[{"count":1,"href":"https:\/\/prizmagroup.net\/en\/wp-json\/wp\/v2\/pages\/539\/revisions"}],"predecessor-version":[{"id":594,"href":"https:\/\/prizmagroup.net\/en\/wp-json\/wp\/v2\/pages\/539\/revisions\/594"}],"wp:attachment":[{"href":"https:\/\/prizmagroup.net\/en\/wp-json\/wp\/v2\/media?parent=539"}],"curies":[{"name":"wp","href":"https:\/\/api.w.org\/{rel}","templated":true}]}}