{"id":642,"date":"2024-08-09T13:14:32","date_gmt":"2024-08-09T13:14:32","guid":{"rendered":"https:\/\/prizmagroup.net\/?post_type=product&#038;p=642"},"modified":"2024-08-28T06:45:41","modified_gmt":"2024-08-28T06:45:41","slug":"o-2-o-3-otoyollari-mahmutbey-kozyatagi-ile-mahmutbey-kinali-arasikm11535-37250-ile-km11535-81818-uzerindeki-kopru-ve-viyaduklerin-onarim-ve-sismik-takviye-projelerinin-hazirlanmasi-hizmet","status":"publish","type":"product","link":"https:\/\/prizmagroup.net\/en\/projeler\/o-2-o-3-otoyollari-mahmutbey-kozyatagi-ile-mahmutbey-kinali-arasikm11535-37250-ile-km11535-81818-uzerindeki-kopru-ve-viyaduklerin-onarim-ve-sismik-takviye-projelerinin-hazirlanmasi-hizmet\/","title":{"rendered":"12. Preparation of the Maintenance and seismic retrofitting projects for the bridges and  viaducts on the part of the O-2 and O-3 Highways between Mahmutbey-Kozyata\u011f\u0131 and Mahmutbey-K\u0131nal\u0131 (Ch: 11+535 - 37+250 and Ch: 11+535 - 81+818)"},"content":{"rendered":"<p><span style=\"font-weight: 400;\">-Preparation of the maintenance and retrofitting projects of 54 Highway Over and Underpass Bridges<\/span><\/p>\n<p><span style=\"font-weight: 400;\">-Preparation of the Maintenance and Retrofitting Projects of 2 Viaduct (Ak\u015femsettin and Yar\u0131mburgaz)<\/span><\/p>","protected":false},"excerpt":{"rendered":"<p><i><span style=\"font-weight: 400;\">General Directorate of Highways 17'th Division Directorate<\/span><\/i><\/p>","protected":false},"featured_media":0,"comment_status":"open","ping_status":"closed","template":"","meta":[],"product_cat":[23],"product_tag":[],"class_list":{"0":"post-642","1":"product","2":"type-product","3":"status-publish","5":"product_cat-23","7":"first","8":"instock","9":"shipping-taxable","10":"product-type-simple"},"_links":{"self":[{"href":"https:\/\/prizmagroup.net\/en\/wp-json\/wp\/v2\/product\/642","targetHints":{"allow":["GET"]}}],"collection":[{"href":"https:\/\/prizmagroup.net\/en\/wp-json\/wp\/v2\/product"}],"about":[{"href":"https:\/\/prizmagroup.net\/en\/wp-json\/wp\/v2\/types\/product"}],"replies":[{"embeddable":true,"href":"https:\/\/prizmagroup.net\/en\/wp-json\/wp\/v2\/comments?post=642"}],"wp:attachment":[{"href":"https:\/\/prizmagroup.net\/en\/wp-json\/wp\/v2\/media?parent=642"}],"wp:term":[{"taxonomy":"product_cat","embeddable":true,"href":"https:\/\/prizmagroup.net\/en\/wp-json\/wp\/v2\/product_cat?post=642"},{"taxonomy":"product_tag","embeddable":true,"href":"https:\/\/prizmagroup.net\/en\/wp-json\/wp\/v2\/product_tag?post=642"}],"curies":[{"name":"wp","href":"https:\/\/api.w.org\/{rel}","templated":true}]}}