{"id":655,"date":"2024-08-09T13:22:00","date_gmt":"2024-08-09T13:22:00","guid":{"rendered":"https:\/\/prizmagroup.net\/?post_type=product&#038;p=655"},"modified":"2024-08-28T06:54:24","modified_gmt":"2024-08-28T06:54:24","slug":"sirkeci-bakirkoy-maslak-ve-gezi-parki-yaya-ustgecitlerinin-projelendirilmesi-isi","status":"publish","type":"product","link":"https:\/\/prizmagroup.net\/en\/projeler\/sirkeci-bakirkoy-maslak-ve-gezi-parki-yaya-ustgecitlerinin-projelendirilmesi-isi\/","title":{"rendered":"20. Designing of the Sirkeci, Bak\u0131rk\u00f6y, Maslak and Gezi Park\u0131 Pedestrian Overpass Bridges"},"content":{"rendered":"<p><span style=\"font-weight: 400;\">-Final Design projects of the pedestrian overpass bridge and platforms at the Sirkeci Square.<\/span><\/p>\n<p><span style=\"font-weight: 400;\">-Final Design projects of the pedestrian overpass and platforms nearby the Y\u0131ld\u0131z Technical University Maslak Campus<\/span><\/p>\n<p><span style=\"font-weight: 400;\">.<\/span><\/p>\n<p><span style=\"font-weight: 400;\">.<\/span><\/p>","protected":false},"excerpt":{"rendered":"<p><i><span style=\"font-weight: 400;\">Istanbul Metropolitan Municipality Directorate of Construction Affairs<\/span><\/i><\/p>","protected":false},"featured_media":1085,"comment_status":"open","ping_status":"closed","template":"","meta":[],"product_cat":[24],"product_tag":[],"class_list":{"0":"post-655","1":"product","2":"type-product","3":"status-publish","4":"has-post-thumbnail","6":"product_cat-24","8":"first","9":"instock","10":"shipping-taxable","11":"product-type-simple"},"_links":{"self":[{"href":"https:\/\/prizmagroup.net\/en\/wp-json\/wp\/v2\/product\/655","targetHints":{"allow":["GET"]}}],"collection":[{"href":"https:\/\/prizmagroup.net\/en\/wp-json\/wp\/v2\/product"}],"about":[{"href":"https:\/\/prizmagroup.net\/en\/wp-json\/wp\/v2\/types\/product"}],"replies":[{"embeddable":true,"href":"https:\/\/prizmagroup.net\/en\/wp-json\/wp\/v2\/comments?post=655"}],"wp:featuredmedia":[{"embeddable":true,"href":"https:\/\/prizmagroup.net\/en\/wp-json\/wp\/v2\/media\/1085"}],"wp:attachment":[{"href":"https:\/\/prizmagroup.net\/en\/wp-json\/wp\/v2\/media?parent=655"}],"wp:term":[{"taxonomy":"product_cat","embeddable":true,"href":"https:\/\/prizmagroup.net\/en\/wp-json\/wp\/v2\/product_cat?post=655"},{"taxonomy":"product_tag","embeddable":true,"href":"https:\/\/prizmagroup.net\/en\/wp-json\/wp\/v2\/product_tag?post=655"}],"curies":[{"name":"wp","href":"https:\/\/api.w.org\/{rel}","templated":true}]}}