{"id":670,"date":"2024-08-09T13:24:51","date_gmt":"2024-08-09T13:24:51","guid":{"rendered":"https:\/\/prizmagroup.net\/?post_type=product&#038;p=670"},"modified":"2024-08-28T06:55:58","modified_gmt":"2024-08-28T06:55:58","slug":"gonencay-ve-cetintepe-barajlari-ulasim-yolu-kopruleri-uygulama-projeleri-hazirlanmasi-isi","status":"publish","type":"product","link":"https:\/\/prizmagroup.net\/en\/projeler\/gonencay-ve-cetintepe-barajlari-ulasim-yolu-kopruleri-uygulama-projeleri-hazirlanmasi-isi\/","title":{"rendered":"24. Preparation of Application Projects for the Bridges on the transportation motorway of the G\u00f6nen\u00e7ay and \u00c7etintepe Dams"},"content":{"rendered":"<p><span style=\"font-weight: 400;\">-Bridge-1 (Km: 1+604.724-Km: 1+621.724)<\/span><\/p>\n<p><span style=\"font-weight: 400;\">-Bridge-2 (Km: 2+312.077-Km: 2+329.077)<\/span><\/p>\n<p><span style=\"font-weight: 400;\">-Spillway bridges<\/span><\/p>","protected":false},"excerpt":{"rendered":"<p><i><span style=\"font-weight: 400;\">General Directorate of State Hydraulic Works<\/span><\/i><\/p>","protected":false},"featured_media":0,"comment_status":"open","ping_status":"closed","template":"","meta":[],"product_cat":[24],"product_tag":[],"class_list":{"0":"post-670","1":"product","2":"type-product","3":"status-publish","5":"product_cat-24","7":"first","8":"instock","9":"shipping-taxable","10":"product-type-simple"},"_links":{"self":[{"href":"https:\/\/prizmagroup.net\/en\/wp-json\/wp\/v2\/product\/670","targetHints":{"allow":["GET"]}}],"collection":[{"href":"https:\/\/prizmagroup.net\/en\/wp-json\/wp\/v2\/product"}],"about":[{"href":"https:\/\/prizmagroup.net\/en\/wp-json\/wp\/v2\/types\/product"}],"replies":[{"embeddable":true,"href":"https:\/\/prizmagroup.net\/en\/wp-json\/wp\/v2\/comments?post=670"}],"wp:attachment":[{"href":"https:\/\/prizmagroup.net\/en\/wp-json\/wp\/v2\/media?parent=670"}],"wp:term":[{"taxonomy":"product_cat","embeddable":true,"href":"https:\/\/prizmagroup.net\/en\/wp-json\/wp\/v2\/product_cat?post=670"},{"taxonomy":"product_tag","embeddable":true,"href":"https:\/\/prizmagroup.net\/en\/wp-json\/wp\/v2\/product_tag?post=670"}],"curies":[{"name":"wp","href":"https:\/\/api.w.org\/{rel}","templated":true}]}}