{"id":671,"date":"2024-08-09T13:28:53","date_gmt":"2024-08-09T13:28:53","guid":{"rendered":"https:\/\/prizmagroup.net\/?post_type=product&#038;p=671"},"modified":"2024-08-28T06:59:21","modified_gmt":"2024-08-28T06:59:21","slug":"kucukcekmece-halkali-istasyon-caddesi-fevzi-cakmak-caddesi-arasi-kavsak-ve-yol-yapim-isi-etud-proje-muhendislik-hizmetleri","status":"publish","type":"product","link":"https:\/\/prizmagroup.net\/en\/projeler\/kucukcekmece-halkali-istasyon-caddesi-fevzi-cakmak-caddesi-arasi-kavsak-ve-yol-yapim-isi-etud-proje-muhendislik-hizmetleri\/","title":{"rendered":"31. Surveying, Project and Engineering Services for the Crossroad and Road Construction works Between K\u00fc\u00e7\u00fck\u00e7ekmece-Halkal\u0131 Station and Fevzi \u00c7akmak Streets"},"content":{"rendered":"<p><i><span style=\"font-weight: 400;\">-Preparation of Final Design of 4km motorway<\/span><\/i><\/p>\n<p><i><span style=\"font-weight: 400;\">-Project, 1 Underpass bridge and approach retaining walls<\/span><\/i><\/p>\n<p><i><span style=\"font-weight: 400;\">-Preparation of the projects for retaining walls 2500m2 in size<\/span><\/i><\/p>","protected":false},"excerpt":{"rendered":"<p><i><span style=\"font-weight: 400;\">Istanbul Metropolitan Municipality  KIPTAS<\/span><\/i><\/p>","protected":false},"featured_media":0,"comment_status":"open","ping_status":"closed","template":"","meta":[],"product_cat":[24],"product_tag":[],"class_list":{"0":"post-671","1":"product","2":"type-product","3":"status-publish","5":"product_cat-24","7":"first","8":"instock","9":"shipping-taxable","10":"product-type-simple"},"_links":{"self":[{"href":"https:\/\/prizmagroup.net\/en\/wp-json\/wp\/v2\/product\/671","targetHints":{"allow":["GET"]}}],"collection":[{"href":"https:\/\/prizmagroup.net\/en\/wp-json\/wp\/v2\/product"}],"about":[{"href":"https:\/\/prizmagroup.net\/en\/wp-json\/wp\/v2\/types\/product"}],"replies":[{"embeddable":true,"href":"https:\/\/prizmagroup.net\/en\/wp-json\/wp\/v2\/comments?post=671"}],"wp:attachment":[{"href":"https:\/\/prizmagroup.net\/en\/wp-json\/wp\/v2\/media?parent=671"}],"wp:term":[{"taxonomy":"product_cat","embeddable":true,"href":"https:\/\/prizmagroup.net\/en\/wp-json\/wp\/v2\/product_cat?post=671"},{"taxonomy":"product_tag","embeddable":true,"href":"https:\/\/prizmagroup.net\/en\/wp-json\/wp\/v2\/product_tag?post=671"}],"curies":[{"name":"wp","href":"https:\/\/api.w.org\/{rel}","templated":true}]}}