{"id":688,"date":"2024-08-09T13:35:51","date_gmt":"2024-08-09T13:35:51","guid":{"rendered":"https:\/\/prizmagroup.net\/?post_type=product&#038;p=688"},"modified":"2024-08-28T07:28:50","modified_gmt":"2024-08-28T07:28:50","slug":"tanyeri-pulumur-kavsaklari-arasi-etud-proje-ve-muhendislik-hizmetleri-isi","status":"publish","type":"product","link":"https:\/\/prizmagroup.net\/en\/projeler\/tanyeri-pulumur-kavsaklari-arasi-etud-proje-ve-muhendislik-hizmetleri-isi\/","title":{"rendered":"44. Project and Engineering Services of Tanyer-P\u00fcl\u00fcm\u00fcr Junction"},"content":{"rendered":"<p><i><span style=\"font-weight: 400;\">-Preparation of Final Projects of F\u0131rat -1, F\u0131rat -2 and Selep\u00fcr Bridges<\/span><\/i><\/p>","protected":false},"excerpt":{"rendered":"<p><i><span style=\"font-weight: 400;\">General Directorate of Highways 16'th Division Directorate<\/span><\/i><\/p>","protected":false},"featured_media":0,"comment_status":"open","ping_status":"closed","template":"","meta":[],"product_cat":[25],"product_tag":[],"class_list":{"0":"post-688","1":"product","2":"type-product","3":"status-publish","5":"product_cat-25","7":"first","8":"instock","9":"shipping-taxable","10":"product-type-simple"},"_links":{"self":[{"href":"https:\/\/prizmagroup.net\/en\/wp-json\/wp\/v2\/product\/688","targetHints":{"allow":["GET"]}}],"collection":[{"href":"https:\/\/prizmagroup.net\/en\/wp-json\/wp\/v2\/product"}],"about":[{"href":"https:\/\/prizmagroup.net\/en\/wp-json\/wp\/v2\/types\/product"}],"replies":[{"embeddable":true,"href":"https:\/\/prizmagroup.net\/en\/wp-json\/wp\/v2\/comments?post=688"}],"wp:attachment":[{"href":"https:\/\/prizmagroup.net\/en\/wp-json\/wp\/v2\/media?parent=688"}],"wp:term":[{"taxonomy":"product_cat","embeddable":true,"href":"https:\/\/prizmagroup.net\/en\/wp-json\/wp\/v2\/product_cat?post=688"},{"taxonomy":"product_tag","embeddable":true,"href":"https:\/\/prizmagroup.net\/en\/wp-json\/wp\/v2\/product_tag?post=688"}],"curies":[{"name":"wp","href":"https:\/\/api.w.org\/{rel}","templated":true}]}}