{"id":701,"date":"2024-08-09T13:47:21","date_gmt":"2024-08-09T13:47:21","guid":{"rendered":"https:\/\/prizmagroup.net\/?post_type=product&#038;p=701"},"modified":"2024-08-28T07:40:04","modified_gmt":"2024-08-28T07:40:04","slug":"hacininoglu-regulatoru-ve-hes-kisik-ulasim-yolu-kopruleri-uygulama-projelerinin-hazirlanmasi-isi","status":"publish","type":"product","link":"https:\/\/prizmagroup.net\/en\/projeler\/hacininoglu-regulatoru-ve-hes-kisik-ulasim-yolu-kopruleri-uygulama-projelerinin-hazirlanmasi-isi\/","title":{"rendered":"60. Preparation of Engineering Projects of Hac\u0131n\u0131no\u011flu Regulator and HES K\u0131s\u0131k Transportation Road"},"content":{"rendered":"<p><i><span style=\"font-weight: 400;\">-Preparation of final projects of Hac\u0131n\u0131no\u011flu Regulator and HES K\u0131s\u0131k Transportation Road<\/span><\/i><\/p>\n<p><i><span style=\"font-weight: 400;\">.<\/span><\/i><\/p>","protected":false},"excerpt":{"rendered":"<p><i><span style=\"font-weight: 400;\">EnerjiSA Energy Prd. Co. Inc.<\/span><\/i><\/p>","protected":false},"featured_media":0,"comment_status":"open","ping_status":"closed","template":"","meta":[],"product_cat":[26],"product_tag":[],"class_list":{"0":"post-701","1":"product","2":"type-product","3":"status-publish","5":"product_cat-26","7":"first","8":"instock","9":"shipping-taxable","10":"product-type-simple"},"_links":{"self":[{"href":"https:\/\/prizmagroup.net\/en\/wp-json\/wp\/v2\/product\/701","targetHints":{"allow":["GET"]}}],"collection":[{"href":"https:\/\/prizmagroup.net\/en\/wp-json\/wp\/v2\/product"}],"about":[{"href":"https:\/\/prizmagroup.net\/en\/wp-json\/wp\/v2\/types\/product"}],"replies":[{"embeddable":true,"href":"https:\/\/prizmagroup.net\/en\/wp-json\/wp\/v2\/comments?post=701"}],"wp:attachment":[{"href":"https:\/\/prizmagroup.net\/en\/wp-json\/wp\/v2\/media?parent=701"}],"wp:term":[{"taxonomy":"product_cat","embeddable":true,"href":"https:\/\/prizmagroup.net\/en\/wp-json\/wp\/v2\/product_cat?post=701"},{"taxonomy":"product_tag","embeddable":true,"href":"https:\/\/prizmagroup.net\/en\/wp-json\/wp\/v2\/product_tag?post=701"}],"curies":[{"name":"wp","href":"https:\/\/api.w.org\/{rel}","templated":true}]}}