{"id":705,"date":"2024-08-09T13:45:48","date_gmt":"2024-08-09T13:45:48","guid":{"rendered":"https:\/\/prizmagroup.net\/?post_type=product&#038;p=705"},"modified":"2024-08-28T07:37:18","modified_gmt":"2024-08-28T07:37:18","slug":"inonu-caddesi-ile-plaj-caddesi-arasi-saricay-koprusu-projelerinin-hazirlanmasi-isi","status":"publish","type":"product","link":"https:\/\/prizmagroup.net\/en\/projeler\/inonu-caddesi-ile-plaj-caddesi-arasi-saricay-koprusu-projelerinin-hazirlanmasi-isi\/","title":{"rendered":"56. Engineering Project of Sar\u0131\u00e7ay Bridge between Plaj Avenue and \u0130n\u00f6n\u00fc Avenue"},"content":{"rendered":"<p><i><span style=\"font-weight: 400;\">-Preparation of final projects of Sar\u0131\u00e7ay Bridge<\/span><\/i><\/p>","protected":false},"excerpt":{"rendered":"<p><i><span style=\"font-weight: 400;\">\u00c7anakkale Municipality<\/span><\/i><\/p>","protected":false},"featured_media":0,"comment_status":"open","ping_status":"closed","template":"","meta":[],"product_cat":[26],"product_tag":[],"class_list":{"0":"post-705","1":"product","2":"type-product","3":"status-publish","5":"product_cat-26","7":"first","8":"instock","9":"shipping-taxable","10":"product-type-simple"},"_links":{"self":[{"href":"https:\/\/prizmagroup.net\/en\/wp-json\/wp\/v2\/product\/705","targetHints":{"allow":["GET"]}}],"collection":[{"href":"https:\/\/prizmagroup.net\/en\/wp-json\/wp\/v2\/product"}],"about":[{"href":"https:\/\/prizmagroup.net\/en\/wp-json\/wp\/v2\/types\/product"}],"replies":[{"embeddable":true,"href":"https:\/\/prizmagroup.net\/en\/wp-json\/wp\/v2\/comments?post=705"}],"wp:attachment":[{"href":"https:\/\/prizmagroup.net\/en\/wp-json\/wp\/v2\/media?parent=705"}],"wp:term":[{"taxonomy":"product_cat","embeddable":true,"href":"https:\/\/prizmagroup.net\/en\/wp-json\/wp\/v2\/product_cat?post=705"},{"taxonomy":"product_tag","embeddable":true,"href":"https:\/\/prizmagroup.net\/en\/wp-json\/wp\/v2\/product_tag?post=705"}],"curies":[{"name":"wp","href":"https:\/\/api.w.org\/{rel}","templated":true}]}}