{"id":708,"date":"2024-08-09T13:44:15","date_gmt":"2024-08-09T13:44:15","guid":{"rendered":"https:\/\/prizmagroup.net\/?post_type=product&#038;p=708"},"modified":"2024-08-28T07:34:02","modified_gmt":"2024-08-28T07:34:02","slug":"8-bolge-mudurlugu-muhtelif-bolunmus-devlet-yollarinda-kavsak-projelerinin-yapilmasi-ve-metrajlarinin-hazirlanmasi-danismanlik-hizmetleri","status":"publish","type":"product","link":"https:\/\/prizmagroup.net\/en\/projeler\/8-bolge-mudurlugu-muhtelif-bolunmus-devlet-yollarinda-kavsak-projelerinin-yapilmasi-ve-metrajlarinin-hazirlanmasi-danismanlik-hizmetleri\/","title":{"rendered":"53. Highways 8th Division Directorate, Junction Projects at various State Highways \u2013 Consulting Works"},"content":{"rendered":"<p><i><span style=\"font-weight: 400;\">-\u0130stasyon Junction A-B Roadway Underpass Bridge Project L=110m.(440 m Retaining Wall)<\/span><\/i><\/p>\n<p><i><span style=\"font-weight: 400;\">-Kekliktepe Junction C-D Roadway Underpass Bridge Project L=106m.(603 m Retaining Wall)<\/span><\/i><\/p>\n<p><i><span style=\"font-weight: 400;\">-Kekliktepe Junction A-B Roadway Underpass Bridge Project L=176m.<\/span><\/i><\/p>\n<p><i><span style=\"font-weight: 400;\">-South Ring Road Junction Overpass Bridge Project L=56m.<\/span><\/i><\/p>\n<p><i><span style=\"font-weight: 400;\">-Battalgazi Junction A-B Roadway Underpass Bridge Project L=98.4m. (612 m Retaining Wall)<\/span><\/i><\/p>\n<p><i><span style=\"font-weight: 400;\">-\u00c7ayda\u00e7\u0131ra Junction Underpass Bridge Project L=118m. (420 m Retaining Wall)<\/span><\/i><\/p>","protected":false},"excerpt":{"rendered":"<p><i><span style=\"font-weight: 400;\">General Directorate of Highways 8'th Division Directorate<\/span><\/i><\/p>","protected":false},"featured_media":0,"comment_status":"open","ping_status":"closed","template":"","meta":[],"product_cat":[26],"product_tag":[],"class_list":{"0":"post-708","1":"product","2":"type-product","3":"status-publish","5":"product_cat-26","7":"first","8":"instock","9":"shipping-taxable","10":"product-type-simple"},"_links":{"self":[{"href":"https:\/\/prizmagroup.net\/en\/wp-json\/wp\/v2\/product\/708","targetHints":{"allow":["GET"]}}],"collection":[{"href":"https:\/\/prizmagroup.net\/en\/wp-json\/wp\/v2\/product"}],"about":[{"href":"https:\/\/prizmagroup.net\/en\/wp-json\/wp\/v2\/types\/product"}],"replies":[{"embeddable":true,"href":"https:\/\/prizmagroup.net\/en\/wp-json\/wp\/v2\/comments?post=708"}],"wp:attachment":[{"href":"https:\/\/prizmagroup.net\/en\/wp-json\/wp\/v2\/media?parent=708"}],"wp:term":[{"taxonomy":"product_cat","embeddable":true,"href":"https:\/\/prizmagroup.net\/en\/wp-json\/wp\/v2\/product_cat?post=708"},{"taxonomy":"product_tag","embeddable":true,"href":"https:\/\/prizmagroup.net\/en\/wp-json\/wp\/v2\/product_tag?post=708"}],"curies":[{"name":"wp","href":"https:\/\/api.w.org\/{rel}","templated":true}]}}