{"id":717,"date":"2024-08-09T13:50:43","date_gmt":"2024-08-09T13:50:43","guid":{"rendered":"https:\/\/prizmagroup.net\/?post_type=product&#038;p=717"},"modified":"2024-08-28T07:42:00","modified_gmt":"2024-08-28T07:42:00","slug":"korfez-derince-izmit-basiskele-ilce-yollari-proje-hazirlama-hizmet-isi","status":"publish","type":"product","link":"https:\/\/prizmagroup.net\/en\/projeler\/korfez-derince-izmit-basiskele-ilce-yollari-proje-hazirlama-hizmet-isi\/","title":{"rendered":"63. Preparation of Engineering Projects of K\u00f6rfez, Derince, \u0130zmit, Ba\u015fiskele Districts\u2019 Highways"},"content":{"rendered":"<p><i><span style=\"font-weight: 400;\">-Preparation of final projects of K\u00f6rfez, Derince, \u0130zmit, Ba\u015fiskele Districts\u2019 Highways<\/span><\/i><\/p>","protected":false},"excerpt":{"rendered":"<p><i><span style=\"font-weight: 400;\">Kocaeli Metropolitan Municipality, Department of Insfrastructure and Superstructure Affairs<\/span><\/i><\/p>","protected":false},"featured_media":0,"comment_status":"open","ping_status":"closed","template":"","meta":[],"product_cat":[26],"product_tag":[],"class_list":{"0":"post-717","1":"product","2":"type-product","3":"status-publish","5":"product_cat-26","7":"first","8":"instock","9":"shipping-taxable","10":"product-type-simple"},"_links":{"self":[{"href":"https:\/\/prizmagroup.net\/en\/wp-json\/wp\/v2\/product\/717","targetHints":{"allow":["GET"]}}],"collection":[{"href":"https:\/\/prizmagroup.net\/en\/wp-json\/wp\/v2\/product"}],"about":[{"href":"https:\/\/prizmagroup.net\/en\/wp-json\/wp\/v2\/types\/product"}],"replies":[{"embeddable":true,"href":"https:\/\/prizmagroup.net\/en\/wp-json\/wp\/v2\/comments?post=717"}],"wp:attachment":[{"href":"https:\/\/prizmagroup.net\/en\/wp-json\/wp\/v2\/media?parent=717"}],"wp:term":[{"taxonomy":"product_cat","embeddable":true,"href":"https:\/\/prizmagroup.net\/en\/wp-json\/wp\/v2\/product_cat?post=717"},{"taxonomy":"product_tag","embeddable":true,"href":"https:\/\/prizmagroup.net\/en\/wp-json\/wp\/v2\/product_tag?post=717"}],"curies":[{"name":"wp","href":"https:\/\/api.w.org\/{rel}","templated":true}]}}