{"id":721,"date":"2024-08-10T19:34:26","date_gmt":"2024-08-10T19:34:26","guid":{"rendered":"https:\/\/prizmagroup.net\/?post_type=product&#038;p=721"},"modified":"2024-08-28T07:50:28","modified_gmt":"2024-08-28T07:50:28","slug":"cobandede-hinis-varto-devlet-yolu-km0000-148000-kutu-menfez-ve-kopru-projelerinin-hazirlanmasi","status":"publish","type":"product","link":"https:\/\/prizmagroup.net\/en\/projeler\/cobandede-hinis-varto-devlet-yolu-km0000-148000-kutu-menfez-ve-kopru-projelerinin-hazirlanmasi\/","title":{"rendered":"66. Preparation of Engineering Projects of Culvert and Bridge at \u00c7obandede-H\u0131n\u0131s-Varto State Highway\nCH:0+000-148+000"},"content":{"rendered":"<p><i><span style=\"font-weight: 400;\">-Preparation of reinforced concrete culvert (7mx5m) projects between KM: 1+043.63 - 1+051.947<\/span><\/i><\/p>\n<p><i><span style=\"font-weight: 400;\">-Preparation of  Church River Bridge projects ( L=23.50 m, one span)<\/span><\/i><\/p>\n<p><i><span style=\"font-weight: 400;\">-Preparation of  Church River Bridge projects ( L=36.0 m, two spans)<\/span><\/i><\/p>","protected":false},"excerpt":{"rendered":"<p><i><span style=\"font-weight: 400;\">General Directorate of Highways 12'th Division Directorate<\/span><\/i><\/p>","protected":false},"featured_media":0,"comment_status":"open","ping_status":"closed","template":"","meta":[],"product_cat":[26],"product_tag":[],"class_list":{"0":"post-721","1":"product","2":"type-product","3":"status-publish","5":"product_cat-26","7":"first","8":"instock","9":"shipping-taxable","10":"product-type-simple"},"_links":{"self":[{"href":"https:\/\/prizmagroup.net\/en\/wp-json\/wp\/v2\/product\/721","targetHints":{"allow":["GET"]}}],"collection":[{"href":"https:\/\/prizmagroup.net\/en\/wp-json\/wp\/v2\/product"}],"about":[{"href":"https:\/\/prizmagroup.net\/en\/wp-json\/wp\/v2\/types\/product"}],"replies":[{"embeddable":true,"href":"https:\/\/prizmagroup.net\/en\/wp-json\/wp\/v2\/comments?post=721"}],"wp:attachment":[{"href":"https:\/\/prizmagroup.net\/en\/wp-json\/wp\/v2\/media?parent=721"}],"wp:term":[{"taxonomy":"product_cat","embeddable":true,"href":"https:\/\/prizmagroup.net\/en\/wp-json\/wp\/v2\/product_cat?post=721"},{"taxonomy":"product_tag","embeddable":true,"href":"https:\/\/prizmagroup.net\/en\/wp-json\/wp\/v2\/product_tag?post=721"}],"curies":[{"name":"wp","href":"https:\/\/api.w.org\/{rel}","templated":true}]}}