{"id":724,"date":"2024-08-10T19:36:20","date_gmt":"2024-08-10T19:36:20","guid":{"rendered":"https:\/\/prizmagroup.net\/?post_type=product&#038;p=724"},"modified":"2024-08-28T07:52:30","modified_gmt":"2024-08-28T07:52:30","slug":"karabuk-yenice-ayr-kozcagiz-yolu-danismanlik-hizmet-alimi-isi","status":"publish","type":"product","link":"https:\/\/prizmagroup.net\/en\/projeler\/karabuk-yenice-ayr-kozcagiz-yolu-danismanlik-hizmet-alimi-isi\/","title":{"rendered":"69. Surveying, Project and Engineering Services of Karab\u00fck-Yenice Section, Kozca\u011f\u0131z Road"},"content":{"rendered":"<p><i><span style=\"font-weight: 400;\">-Surveying Work (L=40 Km)<\/span><\/i><\/p>\n<p><i><span style=\"font-weight: 400;\">-Preparation of roadway Projects<\/span><\/i><\/p>\n<p><i><span style=\"font-weight: 400;\">(L= 40 Km)<\/span><\/i><\/p>","protected":false},"excerpt":{"rendered":"<p><i><span style=\"font-weight: 400;\">General Directorate of Highways Department of Survey and Design<\/span><\/i><\/p>","protected":false},"featured_media":0,"comment_status":"open","ping_status":"closed","template":"","meta":[],"product_cat":[19],"product_tag":[],"class_list":{"0":"post-724","1":"product","2":"type-product","3":"status-publish","5":"product_cat-genel","7":"first","8":"instock","9":"shipping-taxable","10":"product-type-simple"},"_links":{"self":[{"href":"https:\/\/prizmagroup.net\/en\/wp-json\/wp\/v2\/product\/724","targetHints":{"allow":["GET"]}}],"collection":[{"href":"https:\/\/prizmagroup.net\/en\/wp-json\/wp\/v2\/product"}],"about":[{"href":"https:\/\/prizmagroup.net\/en\/wp-json\/wp\/v2\/types\/product"}],"replies":[{"embeddable":true,"href":"https:\/\/prizmagroup.net\/en\/wp-json\/wp\/v2\/comments?post=724"}],"wp:attachment":[{"href":"https:\/\/prizmagroup.net\/en\/wp-json\/wp\/v2\/media?parent=724"}],"wp:term":[{"taxonomy":"product_cat","embeddable":true,"href":"https:\/\/prizmagroup.net\/en\/wp-json\/wp\/v2\/product_cat?post=724"},{"taxonomy":"product_tag","embeddable":true,"href":"https:\/\/prizmagroup.net\/en\/wp-json\/wp\/v2\/product_tag?post=724"}],"curies":[{"name":"wp","href":"https:\/\/api.w.org\/{rel}","templated":true}]}}