{"id":740,"date":"2024-08-10T19:42:40","date_gmt":"2024-08-10T19:42:40","guid":{"rendered":"https:\/\/prizmagroup.net\/?post_type=product&#038;p=740"},"modified":"2024-09-13T14:32:04","modified_gmt":"2024-09-13T14:32:04","slug":"bahcecik-d130-gecisi-bahcecik-kavsagi-guclendirme-revize-projeleri-yapilmasi-etud-proje-muhendislik-hizmetleri","status":"publish","type":"product","link":"https:\/\/prizmagroup.net\/en\/projeler\/bahcecik-d130-gecisi-bahcecik-kavsagi-guclendirme-revize-projeleri-yapilmasi-etud-proje-muhendislik-hizmetleri\/","title":{"rendered":"79. Preparation of Retrofitting Projects of Bah\u00e7ecik D130 Passing Bah\u00e7ecik Junction Construction"},"content":{"rendered":"<p><em>-Preparation of final projects of Bah\u00e7ecik D130 Passing Bah\u00e7ecik Junction Construction<\/em><\/p>\n<p><em>.<\/em><\/p>","protected":false},"excerpt":{"rendered":"<p><em>Kocaeli Metropolitan Municipality, Department of Insfrastructure and Superstructure Affairs<\/em><\/p>","protected":false},"featured_media":1149,"comment_status":"open","ping_status":"closed","template":"","meta":[],"product_cat":[27],"product_tag":[],"class_list":{"0":"post-740","1":"product","2":"type-product","3":"status-publish","4":"has-post-thumbnail","6":"product_cat-27","8":"first","9":"instock","10":"shipping-taxable","11":"product-type-simple"},"_links":{"self":[{"href":"https:\/\/prizmagroup.net\/en\/wp-json\/wp\/v2\/product\/740","targetHints":{"allow":["GET"]}}],"collection":[{"href":"https:\/\/prizmagroup.net\/en\/wp-json\/wp\/v2\/product"}],"about":[{"href":"https:\/\/prizmagroup.net\/en\/wp-json\/wp\/v2\/types\/product"}],"replies":[{"embeddable":true,"href":"https:\/\/prizmagroup.net\/en\/wp-json\/wp\/v2\/comments?post=740"}],"wp:featuredmedia":[{"embeddable":true,"href":"https:\/\/prizmagroup.net\/en\/wp-json\/wp\/v2\/media\/1149"}],"wp:attachment":[{"href":"https:\/\/prizmagroup.net\/en\/wp-json\/wp\/v2\/media?parent=740"}],"wp:term":[{"taxonomy":"product_cat","embeddable":true,"href":"https:\/\/prizmagroup.net\/en\/wp-json\/wp\/v2\/product_cat?post=740"},{"taxonomy":"product_tag","embeddable":true,"href":"https:\/\/prizmagroup.net\/en\/wp-json\/wp\/v2\/product_tag?post=740"}],"curies":[{"name":"wp","href":"https:\/\/api.w.org\/{rel}","templated":true}]}}