{"id":741,"date":"2024-08-10T19:42:04","date_gmt":"2024-08-10T19:42:04","guid":{"rendered":"https:\/\/prizmagroup.net\/?post_type=product&#038;p=741"},"modified":"2024-08-28T07:57:09","modified_gmt":"2024-08-28T07:57:09","slug":"miralay-mumtaz-kucuk-caddesi-1-kisim-km-0000-00-1293-993-dere-islahi-uygulama-projesi-hazirlanmasi-isi","status":"publish","type":"product","link":"https:\/\/prizmagroup.net\/en\/projeler\/miralay-mumtaz-kucuk-caddesi-1-kisim-km-0000-00-1293-993-dere-islahi-uygulama-projesi-hazirlanmasi-isi\/","title":{"rendered":"78. Preparation of Engineering Projects of River Amendment at Miralay M\u00fcmtaz Avenue (1st Stage) CH:0+000.00-1+293.993"},"content":{"rendered":"<p><i><span style=\"font-weight: 400;\">-Preparation of final projects of River Amendment at Miralay M\u00fcmtaz K\u00fc\u00e7\u00fck Avenue (1st Stage) CH:0+000.00-1+293.993<\/span><\/i><\/p>","protected":false},"excerpt":{"rendered":"<p><i><span style=\"font-weight: 400;\">Kocaeli Metropolitan Municipality, Department of Insfrastructure and Superstructure Affairs<\/span><\/i><\/p>","protected":false},"featured_media":0,"comment_status":"open","ping_status":"closed","template":"","meta":[],"product_cat":[27],"product_tag":[],"class_list":{"0":"post-741","1":"product","2":"type-product","3":"status-publish","5":"product_cat-27","7":"first","8":"instock","9":"shipping-taxable","10":"product-type-simple"},"_links":{"self":[{"href":"https:\/\/prizmagroup.net\/en\/wp-json\/wp\/v2\/product\/741","targetHints":{"allow":["GET"]}}],"collection":[{"href":"https:\/\/prizmagroup.net\/en\/wp-json\/wp\/v2\/product"}],"about":[{"href":"https:\/\/prizmagroup.net\/en\/wp-json\/wp\/v2\/types\/product"}],"replies":[{"embeddable":true,"href":"https:\/\/prizmagroup.net\/en\/wp-json\/wp\/v2\/comments?post=741"}],"wp:attachment":[{"href":"https:\/\/prizmagroup.net\/en\/wp-json\/wp\/v2\/media?parent=741"}],"wp:term":[{"taxonomy":"product_cat","embeddable":true,"href":"https:\/\/prizmagroup.net\/en\/wp-json\/wp\/v2\/product_cat?post=741"},{"taxonomy":"product_tag","embeddable":true,"href":"https:\/\/prizmagroup.net\/en\/wp-json\/wp\/v2\/product_tag?post=741"}],"curies":[{"name":"wp","href":"https:\/\/api.w.org\/{rel}","templated":true}]}}