{"id":748,"date":"2024-08-10T19:47:50","date_gmt":"2024-08-10T19:47:50","guid":{"rendered":"https:\/\/prizmagroup.net\/?post_type=product&#038;p=748"},"modified":"2024-08-28T08:04:48","modified_gmt":"2024-08-28T08:04:48","slug":"topcam-mesudiye-yolu-etud-ve-proje-muhendislik-hizmetleri-isi","status":"publish","type":"product","link":"https:\/\/prizmagroup.net\/en\/projeler\/topcam-mesudiye-yolu-etud-ve-proje-muhendislik-hizmetleri-isi\/","title":{"rendered":"83. Surveying, Project and Engineering Services of Top\u00e7am-Mesudiye Highway"},"content":{"rendered":"<p><i><span style=\"font-weight: 400;\">-Preparation of Dar\u0131cab\u00fck\u00fc Bridge Projects (L=23 m, 1 span)<\/span><\/i><\/p>\n<p><i><span style=\"font-weight: 400;\">-Preparation of Kalatepe Bridge Projects (L=52 m, 2 spans)<\/span><\/i><\/p>\n<ul>\n<li style=\"font-weight: 400;\" aria-level=\"1\"><i><span style=\"font-weight: 400;\">-Preparation of Suba\u011f\u0131 Bridge Projects (L=48.3 m, 2 spans)<\/span><\/i><\/li>\n<li style=\"font-weight: 400;\" aria-level=\"1\"><i><span style=\"font-weight: 400;\">-Preparation of Ch. 0+359.51 Culvert Projects (L=82.68 m, 5x5m)<\/span><\/i><\/li>\n<li style=\"font-weight: 400;\" aria-level=\"1\"><i><span style=\"font-weight: 400;\">-Preparation of Ch. 7+941.21 Culvert Projects (L=16.5 m, 8x5m)<\/span><\/i><\/li>\n<li style=\"font-weight: 400;\" aria-level=\"1\"><i><span style=\"font-weight: 400;\">-Preparation of Ch. 10+579.87 Culvert Projects (L=24.22 m, 8x5m)<\/span><\/i><\/li>\n<li style=\"font-weight: 400;\" aria-level=\"1\"><i><span style=\"font-weight: 400;\">-Preparation of Ch. 14+837.39 Culvert Projects (L=36.32 m, 3@6x4m)<\/span><\/i><\/li>\n<\/ul>","protected":false},"excerpt":{"rendered":"<p><i><span style=\"font-weight: 400;\">General Directorate of Highways 7\u2019th Division Directorate<\/span><\/i><\/p>","protected":false},"featured_media":0,"comment_status":"open","ping_status":"closed","template":"","meta":[],"product_cat":[27],"product_tag":[],"class_list":{"0":"post-748","1":"product","2":"type-product","3":"status-publish","5":"product_cat-27","7":"first","8":"instock","9":"shipping-taxable","10":"product-type-simple"},"_links":{"self":[{"href":"https:\/\/prizmagroup.net\/en\/wp-json\/wp\/v2\/product\/748","targetHints":{"allow":["GET"]}}],"collection":[{"href":"https:\/\/prizmagroup.net\/en\/wp-json\/wp\/v2\/product"}],"about":[{"href":"https:\/\/prizmagroup.net\/en\/wp-json\/wp\/v2\/types\/product"}],"replies":[{"embeddable":true,"href":"https:\/\/prizmagroup.net\/en\/wp-json\/wp\/v2\/comments?post=748"}],"wp:attachment":[{"href":"https:\/\/prizmagroup.net\/en\/wp-json\/wp\/v2\/media?parent=748"}],"wp:term":[{"taxonomy":"product_cat","embeddable":true,"href":"https:\/\/prizmagroup.net\/en\/wp-json\/wp\/v2\/product_cat?post=748"},{"taxonomy":"product_tag","embeddable":true,"href":"https:\/\/prizmagroup.net\/en\/wp-json\/wp\/v2\/product_tag?post=748"}],"curies":[{"name":"wp","href":"https:\/\/api.w.org\/{rel}","templated":true}]}}