{"id":775,"date":"2024-08-10T19:54:17","date_gmt":"2024-08-10T19:54:17","guid":{"rendered":"https:\/\/prizmagroup.net\/?post_type=product&#038;p=775"},"modified":"2024-08-28T08:14:50","modified_gmt":"2024-08-28T08:14:50","slug":"arkun-baraji-ve-hes-ispir-yusufeli-ayrimi-camlikaya-il-yolu-relokasyonu-etud-ve-proje-muhendislik-hizmetleri-isi","status":"publish","type":"product","link":"https:\/\/prizmagroup.net\/en\/projeler\/arkun-baraji-ve-hes-ispir-yusufeli-ayrimi-camlikaya-il-yolu-relokasyonu-etud-ve-proje-muhendislik-hizmetleri-isi\/","title":{"rendered":"90. Preparation of Engineering Projects of \u00c7aml\u0131kaya City Road Relocation at Arkun Dam and HEPP \u0130spir-Yusufeli Section"},"content":{"rendered":"<p><i><span style=\"font-weight: 400;\">-Preparation of \u00c7aml\u0131kaya Bridge Projects (L=137 m, 6 spans)<\/span><\/i><\/p>\n<p><i><span style=\"font-weight: 400;\">-Preparation of Ch. 23+524 Culvert Projects (L=84.82 m, 2@5x5m)<\/span><\/i><\/p>\n<p><i><span style=\"font-weight: 400;\">-Preparation of Ch. 31+838 Culvert Projects (L=76.52 m, 2@4x4m)<\/span><\/i><\/p>","protected":false},"excerpt":{"rendered":"<p><i><span style=\"font-weight: 400;\">General Directorate of Highways 12'th Division Directorate<\/span><\/i><\/p>","protected":false},"featured_media":0,"comment_status":"open","ping_status":"closed","template":"","meta":[],"product_cat":[28],"product_tag":[],"class_list":{"0":"post-775","1":"product","2":"type-product","3":"status-publish","5":"product_cat-28","7":"first","8":"instock","9":"shipping-taxable","10":"product-type-simple"},"_links":{"self":[{"href":"https:\/\/prizmagroup.net\/en\/wp-json\/wp\/v2\/product\/775","targetHints":{"allow":["GET"]}}],"collection":[{"href":"https:\/\/prizmagroup.net\/en\/wp-json\/wp\/v2\/product"}],"about":[{"href":"https:\/\/prizmagroup.net\/en\/wp-json\/wp\/v2\/types\/product"}],"replies":[{"embeddable":true,"href":"https:\/\/prizmagroup.net\/en\/wp-json\/wp\/v2\/comments?post=775"}],"wp:attachment":[{"href":"https:\/\/prizmagroup.net\/en\/wp-json\/wp\/v2\/media?parent=775"}],"wp:term":[{"taxonomy":"product_cat","embeddable":true,"href":"https:\/\/prizmagroup.net\/en\/wp-json\/wp\/v2\/product_cat?post=775"},{"taxonomy":"product_tag","embeddable":true,"href":"https:\/\/prizmagroup.net\/en\/wp-json\/wp\/v2\/product_tag?post=775"}],"curies":[{"name":"wp","href":"https:\/\/api.w.org\/{rel}","templated":true}]}}