{"id":776,"date":"2024-08-10T19:54:42","date_gmt":"2024-08-10T19:54:42","guid":{"rendered":"https:\/\/prizmagroup.net\/?post_type=product&#038;p=776"},"modified":"2024-08-28T08:20:18","modified_gmt":"2024-08-28T08:20:18","slug":"arkun-baraji-ve-hes-taslica-koy-yolu-relokasyonu-taslica-viyadugu-uygulama-projeleri-hazirlanmasi-isi","status":"publish","type":"product","link":"https:\/\/prizmagroup.net\/en\/projeler\/arkun-baraji-ve-hes-taslica-koy-yolu-relokasyonu-taslica-viyadugu-uygulama-projeleri-hazirlanmasi-isi\/","title":{"rendered":"91. Preparation of Engineering Projects of Ta\u015fl\u0131ca Viaduct at Arkun Dam and HEPP Ta\u015fl\u0131ca Village Road Relocation Project"},"content":{"rendered":"<p><i><span style=\"font-weight: 400;\">-Preparation of \u00c7aml\u0131kaya Viaduct Projects (L=132.1 m, 4 spans)<\/span><\/i><\/p>","protected":false},"excerpt":{"rendered":"<p><i><span style=\"font-weight: 400;\">Ministry of Energy and Natural Resources<\/span><\/i><\/p>","protected":false},"featured_media":0,"comment_status":"open","ping_status":"closed","template":"","meta":[],"product_cat":[28],"product_tag":[],"class_list":{"0":"post-776","1":"product","2":"type-product","3":"status-publish","5":"product_cat-28","7":"first","8":"instock","9":"shipping-taxable","10":"product-type-simple"},"_links":{"self":[{"href":"https:\/\/prizmagroup.net\/en\/wp-json\/wp\/v2\/product\/776","targetHints":{"allow":["GET"]}}],"collection":[{"href":"https:\/\/prizmagroup.net\/en\/wp-json\/wp\/v2\/product"}],"about":[{"href":"https:\/\/prizmagroup.net\/en\/wp-json\/wp\/v2\/types\/product"}],"replies":[{"embeddable":true,"href":"https:\/\/prizmagroup.net\/en\/wp-json\/wp\/v2\/comments?post=776"}],"wp:attachment":[{"href":"https:\/\/prizmagroup.net\/en\/wp-json\/wp\/v2\/media?parent=776"}],"wp:term":[{"taxonomy":"product_cat","embeddable":true,"href":"https:\/\/prizmagroup.net\/en\/wp-json\/wp\/v2\/product_cat?post=776"},{"taxonomy":"product_tag","embeddable":true,"href":"https:\/\/prizmagroup.net\/en\/wp-json\/wp\/v2\/product_tag?post=776"}],"curies":[{"name":"wp","href":"https:\/\/api.w.org\/{rel}","templated":true}]}}