{"id":778,"date":"2024-08-10T19:55:43","date_gmt":"2024-08-10T19:55:43","guid":{"rendered":"https:\/\/prizmagroup.net\/?post_type=product&#038;p=778"},"modified":"2024-09-11T11:00:29","modified_gmt":"2024-09-11T11:00:29","slug":"yassioren-subasi-catalca-catalca-cevre-yolu-dahil-bolunmus-yolu-yapim-isi-etud-proje-ve-muhendislik-hizmetleri","status":"publish","type":"product","link":"https:\/\/prizmagroup.net\/en\/projeler\/yassioren-subasi-catalca-catalca-cevre-yolu-dahil-bolunmus-yolu-yapim-isi-etud-proje-ve-muhendislik-hizmetleri\/","title":{"rendered":"93. Surveying, Project and Engineering  Services for Yass\u0131\u00f6ren-Suba\u015f\u0131-\u00c7atalca Highway Construction Project"},"content":{"rendered":"<p><i><span style=\"font-weight: 400;\">-Preparation of roadway Project (L= 30 Km)<\/span><\/i><\/p>\n<p><i><span style=\"font-weight: 400;\">-12 bridge juntion Projects<\/span><\/i><\/p>\n<p><i><span style=\"font-weight: 400;\">-Preparation of  Bridge Projects (A=12000 m2)<\/span><\/i><\/p>","protected":false},"excerpt":{"rendered":"<p><i><span style=\"font-weight: 400;\">General Directorate of Highways 1'th Division Directorate<\/span><\/i><\/p>","protected":false},"featured_media":1181,"comment_status":"open","ping_status":"closed","template":"","meta":[],"product_cat":[28],"product_tag":[],"class_list":{"0":"post-778","1":"product","2":"type-product","3":"status-publish","4":"has-post-thumbnail","6":"product_cat-28","8":"first","9":"instock","10":"shipping-taxable","11":"product-type-simple"},"_links":{"self":[{"href":"https:\/\/prizmagroup.net\/en\/wp-json\/wp\/v2\/product\/778","targetHints":{"allow":["GET"]}}],"collection":[{"href":"https:\/\/prizmagroup.net\/en\/wp-json\/wp\/v2\/product"}],"about":[{"href":"https:\/\/prizmagroup.net\/en\/wp-json\/wp\/v2\/types\/product"}],"replies":[{"embeddable":true,"href":"https:\/\/prizmagroup.net\/en\/wp-json\/wp\/v2\/comments?post=778"}],"wp:featuredmedia":[{"embeddable":true,"href":"https:\/\/prizmagroup.net\/en\/wp-json\/wp\/v2\/media\/1181"}],"wp:attachment":[{"href":"https:\/\/prizmagroup.net\/en\/wp-json\/wp\/v2\/media?parent=778"}],"wp:term":[{"taxonomy":"product_cat","embeddable":true,"href":"https:\/\/prizmagroup.net\/en\/wp-json\/wp\/v2\/product_cat?post=778"},{"taxonomy":"product_tag","embeddable":true,"href":"https:\/\/prizmagroup.net\/en\/wp-json\/wp\/v2\/product_tag?post=778"}],"curies":[{"name":"wp","href":"https:\/\/api.w.org\/{rel}","templated":true}]}}