{"id":780,"date":"2024-08-10T19:56:43","date_gmt":"2024-08-10T19:56:43","guid":{"rendered":"https:\/\/prizmagroup.net\/?post_type=product&#038;p=780"},"modified":"2024-09-13T14:30:27","modified_gmt":"2024-09-13T14:30:27","slug":"corlu-kinali-tekirdag-ayr-yolu-km0000-17017-arasi-kesimde-toprak-isleri-sanat-yapilari-ve-ustyapi-yapim-isi-etud-proje-ve-muhendislik-hizmetleri","status":"publish","type":"product","link":"https:\/\/prizmagroup.net\/en\/projeler\/corlu-kinali-tekirdag-ayr-yolu-km0000-17017-arasi-kesimde-toprak-isleri-sanat-yapilari-ve-ustyapi-yapim-isi-etud-proje-ve-muhendislik-hizmetleri\/","title":{"rendered":"95. Preparation of Engineering Projects at \u00c7orlu Highway(K\u0131nal\u0131-Tekirda\u011f Section)Engineering Structures, Earth Works and Superstructure Construction Project"},"content":{"rendered":"<p><i><span style=\"font-weight: 400;\">&#8211; <em>Roadwaw Hydrologic Works                 \n\n-Preparation of Hydrolic Culvert  Projects<\/em><\/span><\/i><\/p>","protected":false},"excerpt":{"rendered":"<p><i><span style=\"font-weight: 400;\">General Directorate of Highways 1'th Division Directorate<\/span><\/i><\/p>","protected":false},"featured_media":0,"comment_status":"open","ping_status":"closed","template":"","meta":[],"product_cat":[28],"product_tag":[],"class_list":{"0":"post-780","1":"product","2":"type-product","3":"status-publish","5":"product_cat-28","7":"first","8":"instock","9":"shipping-taxable","10":"product-type-simple"},"_links":{"self":[{"href":"https:\/\/prizmagroup.net\/en\/wp-json\/wp\/v2\/product\/780","targetHints":{"allow":["GET"]}}],"collection":[{"href":"https:\/\/prizmagroup.net\/en\/wp-json\/wp\/v2\/product"}],"about":[{"href":"https:\/\/prizmagroup.net\/en\/wp-json\/wp\/v2\/types\/product"}],"replies":[{"embeddable":true,"href":"https:\/\/prizmagroup.net\/en\/wp-json\/wp\/v2\/comments?post=780"}],"wp:attachment":[{"href":"https:\/\/prizmagroup.net\/en\/wp-json\/wp\/v2\/media?parent=780"}],"wp:term":[{"taxonomy":"product_cat","embeddable":true,"href":"https:\/\/prizmagroup.net\/en\/wp-json\/wp\/v2\/product_cat?post=780"},{"taxonomy":"product_tag","embeddable":true,"href":"https:\/\/prizmagroup.net\/en\/wp-json\/wp\/v2\/product_tag?post=780"}],"curies":[{"name":"wp","href":"https:\/\/api.w.org\/{rel}","templated":true}]}}