{"id":783,"date":"2024-08-10T19:58:11","date_gmt":"2024-08-10T19:58:11","guid":{"rendered":"https:\/\/prizmagroup.net\/?post_type=product&#038;p=783"},"modified":"2024-08-28T08:25:39","modified_gmt":"2024-08-28T08:25:39","slug":"komurcuoda-biyolojik-kurutma-tesisison-islem-binasi-uygulama-projelerinin-hazirlanmasi-isi","status":"publish","type":"product","link":"https:\/\/prizmagroup.net\/en\/projeler\/komurcuoda-biyolojik-kurutma-tesisison-islem-binasi-uygulama-projelerinin-hazirlanmasi-isi\/","title":{"rendered":"98. Preparation of K\u00f6m\u00fcrc\u00fcoda BioDry Facility, Post Process Building Final Engineering Projects"},"content":{"rendered":"<p><i><span style=\"font-weight: 400;\">-Architectural, Mechanical, Electrical and Engineering Projects of Post Process Building<\/span><\/i><\/p>","protected":false},"excerpt":{"rendered":"<p><i><span style=\"font-weight: 400;\">Hereko Co.Inc.<\/span><\/i><\/p>","protected":false},"featured_media":1203,"comment_status":"open","ping_status":"closed","template":"","meta":[],"product_cat":[28],"product_tag":[],"class_list":{"0":"post-783","1":"product","2":"type-product","3":"status-publish","4":"has-post-thumbnail","6":"product_cat-28","8":"first","9":"instock","10":"shipping-taxable","11":"product-type-simple"},"_links":{"self":[{"href":"https:\/\/prizmagroup.net\/en\/wp-json\/wp\/v2\/product\/783","targetHints":{"allow":["GET"]}}],"collection":[{"href":"https:\/\/prizmagroup.net\/en\/wp-json\/wp\/v2\/product"}],"about":[{"href":"https:\/\/prizmagroup.net\/en\/wp-json\/wp\/v2\/types\/product"}],"replies":[{"embeddable":true,"href":"https:\/\/prizmagroup.net\/en\/wp-json\/wp\/v2\/comments?post=783"}],"wp:featuredmedia":[{"embeddable":true,"href":"https:\/\/prizmagroup.net\/en\/wp-json\/wp\/v2\/media\/1203"}],"wp:attachment":[{"href":"https:\/\/prizmagroup.net\/en\/wp-json\/wp\/v2\/media?parent=783"}],"wp:term":[{"taxonomy":"product_cat","embeddable":true,"href":"https:\/\/prizmagroup.net\/en\/wp-json\/wp\/v2\/product_cat?post=783"},{"taxonomy":"product_tag","embeddable":true,"href":"https:\/\/prizmagroup.net\/en\/wp-json\/wp\/v2\/product_tag?post=783"}],"curies":[{"name":"wp","href":"https:\/\/api.w.org\/{rel}","templated":true}]}}