{"id":786,"date":"2024-08-10T20:00:51","date_gmt":"2024-08-10T20:00:51","guid":{"rendered":"https:\/\/prizmagroup.net\/?post_type=product&#038;p=786"},"modified":"2024-08-28T08:27:20","modified_gmt":"2024-08-28T08:27:20","slug":"otoyollar-o4-ve-otoyolu-baglanti-yollari-uzerindeki-kopru-viyaduk-ve-tunellerin-onarim-ve-depreme-karsi-guclendirilmesi-yapim-isi-anadolu-otoyolu-gumusova-arasi-onarim-ve-guclendirme-projeleri-ha","status":"publish","type":"product","link":"https:\/\/prizmagroup.net\/en\/projeler\/otoyollar-o4-ve-otoyolu-baglanti-yollari-uzerindeki-kopru-viyaduk-ve-tunellerin-onarim-ve-depreme-karsi-guclendirilmesi-yapim-isi-anadolu-otoyolu-gumusova-arasi-onarim-ve-guclendirme-projeleri-ha\/","title":{"rendered":"101. Preparation of Repair and Retrofitting Projects of Bridges, Viaducts and Tunnels at O4 Highway and Highway Connection Roads (Anatolian Highway \u2013 G\u00fcm\u00fc\u015fova)"},"content":{"rendered":"<p><i><span style=\"font-weight: 400;\">-Retrofitting Projects of Bat\u0131 Hereke Viaduct, 8 Overpass Bridges and 4 Pedestrian Overpass Bridges<\/span><\/i><\/p>","protected":false},"excerpt":{"rendered":"<p><i><span style=\"font-weight: 400;\">General Directorate of Highways 1'th Division Directorate<\/span><\/i><\/p>","protected":false},"featured_media":0,"comment_status":"open","ping_status":"closed","template":"","meta":[],"product_cat":[28],"product_tag":[],"class_list":{"0":"post-786","1":"product","2":"type-product","3":"status-publish","5":"product_cat-28","7":"first","8":"instock","9":"shipping-taxable","10":"product-type-simple"},"_links":{"self":[{"href":"https:\/\/prizmagroup.net\/en\/wp-json\/wp\/v2\/product\/786","targetHints":{"allow":["GET"]}}],"collection":[{"href":"https:\/\/prizmagroup.net\/en\/wp-json\/wp\/v2\/product"}],"about":[{"href":"https:\/\/prizmagroup.net\/en\/wp-json\/wp\/v2\/types\/product"}],"replies":[{"embeddable":true,"href":"https:\/\/prizmagroup.net\/en\/wp-json\/wp\/v2\/comments?post=786"}],"wp:attachment":[{"href":"https:\/\/prizmagroup.net\/en\/wp-json\/wp\/v2\/media?parent=786"}],"wp:term":[{"taxonomy":"product_cat","embeddable":true,"href":"https:\/\/prizmagroup.net\/en\/wp-json\/wp\/v2\/product_cat?post=786"},{"taxonomy":"product_tag","embeddable":true,"href":"https:\/\/prizmagroup.net\/en\/wp-json\/wp\/v2\/product_tag?post=786"}],"curies":[{"name":"wp","href":"https:\/\/api.w.org\/{rel}","templated":true}]}}