{"id":832,"date":"2024-08-11T22:10:44","date_gmt":"2024-08-11T22:10:44","guid":{"rendered":"https:\/\/prizmagroup.net\/?post_type=product&#038;p=832"},"modified":"2024-08-28T08:46:58","modified_gmt":"2024-08-28T08:46:58","slug":"basaksehir-kayabasi-metro-hatti-saglikkent-viyadugu-uygulama-projeleri-hazirlanmasi-isi","status":"publish","type":"product","link":"https:\/\/prizmagroup.net\/en\/projeler\/basaksehir-kayabasi-metro-hatti-saglikkent-viyadugu-uygulama-projeleri-hazirlanmasi-isi\/","title":{"rendered":"113. Ba\u015fak\u015fehir-Kayaba\u015f\u0131 metro l\u0131ne pre-f\u0131nal des\u0131gn Works Sa\u011fl\u0131kkent Viaduck Project Preperaiton works"},"content":{"rendered":"<p>-1 Metro line viaduct Project preparation works<\/p>","protected":false},"excerpt":{"rendered":"<p>\u0130stanbul  Metropol\u0131tan  Mun\u0131c\u0131pal\u0131ty\nDepartment of Transportat\u0131on\nD\u0131rectorate of Transportat\u0131on Plann\u0131ng<\/p>","protected":false},"featured_media":0,"comment_status":"open","ping_status":"closed","template":"","meta":[],"product_cat":[31],"product_tag":[],"class_list":{"0":"post-832","1":"product","2":"type-product","3":"status-publish","5":"product_cat-31","7":"first","8":"instock","9":"shipping-taxable","10":"product-type-simple"},"_links":{"self":[{"href":"https:\/\/prizmagroup.net\/en\/wp-json\/wp\/v2\/product\/832","targetHints":{"allow":["GET"]}}],"collection":[{"href":"https:\/\/prizmagroup.net\/en\/wp-json\/wp\/v2\/product"}],"about":[{"href":"https:\/\/prizmagroup.net\/en\/wp-json\/wp\/v2\/types\/product"}],"replies":[{"embeddable":true,"href":"https:\/\/prizmagroup.net\/en\/wp-json\/wp\/v2\/comments?post=832"}],"wp:attachment":[{"href":"https:\/\/prizmagroup.net\/en\/wp-json\/wp\/v2\/media?parent=832"}],"wp:term":[{"taxonomy":"product_cat","embeddable":true,"href":"https:\/\/prizmagroup.net\/en\/wp-json\/wp\/v2\/product_cat?post=832"},{"taxonomy":"product_tag","embeddable":true,"href":"https:\/\/prizmagroup.net\/en\/wp-json\/wp\/v2\/product_tag?post=832"}],"curies":[{"name":"wp","href":"https:\/\/api.w.org\/{rel}","templated":true}]}}