{"id":839,"date":"2024-08-11T22:14:36","date_gmt":"2024-08-11T22:14:36","guid":{"rendered":"https:\/\/prizmagroup.net\/?post_type=product&#038;p=839"},"modified":"2024-08-28T09:20:30","modified_gmt":"2024-08-28T09:20:30","slug":"torbali-bayindir-odemis-kiraz-yolu-etut-proje-muh-hizmetleri-isi","status":"publish","type":"product","link":"https:\/\/prizmagroup.net\/en\/projeler\/torbali-bayindir-odemis-kiraz-yolu-etut-proje-muh-hizmetleri-isi\/","title":{"rendered":"120. Surveying, Project and Engineering  Services  Torbal\u0131-Bay\u0131nd\u0131r-\u00d6demi\u015f-Kiraz State Highway"},"content":{"rendered":"<p>-5 prestressed concrete bridge projects preparation Works<br \/>\nEarth research works<\/p>","protected":false},"excerpt":{"rendered":"<p>General Directorate of Highways 2\u2019nd Division Directorate<\/p>","protected":false},"featured_media":1297,"comment_status":"open","ping_status":"closed","template":"","meta":[],"product_cat":[31],"product_tag":[],"class_list":{"0":"post-839","1":"product","2":"type-product","3":"status-publish","4":"has-post-thumbnail","6":"product_cat-31","8":"first","9":"instock","10":"shipping-taxable","11":"product-type-simple"},"_links":{"self":[{"href":"https:\/\/prizmagroup.net\/en\/wp-json\/wp\/v2\/product\/839","targetHints":{"allow":["GET"]}}],"collection":[{"href":"https:\/\/prizmagroup.net\/en\/wp-json\/wp\/v2\/product"}],"about":[{"href":"https:\/\/prizmagroup.net\/en\/wp-json\/wp\/v2\/types\/product"}],"replies":[{"embeddable":true,"href":"https:\/\/prizmagroup.net\/en\/wp-json\/wp\/v2\/comments?post=839"}],"wp:featuredmedia":[{"embeddable":true,"href":"https:\/\/prizmagroup.net\/en\/wp-json\/wp\/v2\/media\/1297"}],"wp:attachment":[{"href":"https:\/\/prizmagroup.net\/en\/wp-json\/wp\/v2\/media?parent=839"}],"wp:term":[{"taxonomy":"product_cat","embeddable":true,"href":"https:\/\/prizmagroup.net\/en\/wp-json\/wp\/v2\/product_cat?post=839"},{"taxonomy":"product_tag","embeddable":true,"href":"https:\/\/prizmagroup.net\/en\/wp-json\/wp\/v2\/product_tag?post=839"}],"curies":[{"name":"wp","href":"https:\/\/api.w.org\/{rel}","templated":true}]}}