{"id":855,"date":"2024-08-11T22:27:49","date_gmt":"2024-08-11T22:27:49","guid":{"rendered":"https:\/\/prizmagroup.net\/?post_type=product&#038;p=855"},"modified":"2024-08-28T09:26:26","modified_gmt":"2024-08-28T09:26:26","slug":"eruh-findik-baggoze-baglantisi-dahilbaglanti-yolu-projesi-sanat-yapilari-projeleri-hazirlanmasi-isi","status":"publish","type":"product","link":"https:\/\/prizmagroup.net\/en\/projeler\/eruh-findik-baggoze-baglantisi-dahilbaglanti-yolu-projesi-sanat-yapilari-projeleri-hazirlanmasi-isi\/","title":{"rendered":"128. Preparation of Final Projects of Engineering Structures at Eruh-F\u0131nd\u0131k (Ba\u011fg\u00f6ze Junction) Connection Road Project"},"content":{"rendered":"<p>-Final Projects of Kures Bridge (Total Length = 22m, 1 span R\/C Bridge)<br \/>\n-Final Projects of Inl\u0131 River Bridge (Total Length = 118m, 5 Spans, R\/C Bridge)<br \/>\n-Final Projects of Gerger Bridge (Total Length = 70m, 3 Spans, R\/C Bridge)<\/p>","protected":false},"excerpt":{"rendered":"<p>General Directorate of Highways 9\u2019th Division Directorate<\/p>","protected":false},"featured_media":0,"comment_status":"open","ping_status":"closed","template":"","meta":[],"product_cat":[32],"product_tag":[],"class_list":{"0":"post-855","1":"product","2":"type-product","3":"status-publish","5":"product_cat-32","7":"first","8":"instock","9":"shipping-taxable","10":"product-type-simple"},"_links":{"self":[{"href":"https:\/\/prizmagroup.net\/en\/wp-json\/wp\/v2\/product\/855","targetHints":{"allow":["GET"]}}],"collection":[{"href":"https:\/\/prizmagroup.net\/en\/wp-json\/wp\/v2\/product"}],"about":[{"href":"https:\/\/prizmagroup.net\/en\/wp-json\/wp\/v2\/types\/product"}],"replies":[{"embeddable":true,"href":"https:\/\/prizmagroup.net\/en\/wp-json\/wp\/v2\/comments?post=855"}],"wp:attachment":[{"href":"https:\/\/prizmagroup.net\/en\/wp-json\/wp\/v2\/media?parent=855"}],"wp:term":[{"taxonomy":"product_cat","embeddable":true,"href":"https:\/\/prizmagroup.net\/en\/wp-json\/wp\/v2\/product_cat?post=855"},{"taxonomy":"product_tag","embeddable":true,"href":"https:\/\/prizmagroup.net\/en\/wp-json\/wp\/v2\/product_tag?post=855"}],"curies":[{"name":"wp","href":"https:\/\/api.w.org\/{rel}","templated":true}]}}