{"id":877,"date":"2024-08-11T22:30:28","date_gmt":"2024-08-11T22:30:28","guid":{"rendered":"https:\/\/prizmagroup.net\/?post_type=product&#038;p=877"},"modified":"2024-08-28T09:28:53","modified_gmt":"2024-08-28T09:28:53","slug":"adana-ili-cukurova-saricam-yuregir-ilcelerinin-baglantisini-saglayacak-seyhan-nehri-uzeri-celik-ve-betonarme-kopruleri-ile-bu-koprulere-baglantili-yol-ve-kavsak-ikmal-insaati-yapilmasi-yapim-isi","status":"publish","type":"product","link":"https:\/\/prizmagroup.net\/en\/projeler\/adana-ili-cukurova-saricam-yuregir-ilcelerinin-baglantisini-saglayacak-seyhan-nehri-uzeri-celik-ve-betonarme-kopruleri-ile-bu-koprulere-baglantili-yol-ve-kavsak-ikmal-insaati-yapilmasi-yapim-isi\/","title":{"rendered":"131. Construction Work of Steel and Reinforced Concrete Bridges over the Seyhan River, which will provide the connection of Adana, \u00c7ukurova,Sar\u0131\u00e7am and Y\u00fcre\u011fir Districts,and the Road and Junction Construction Work"},"content":{"rendered":"<p>-Preparation of Roadway Projects (2km)<br \/>\n-Bridge Project with Steel box section (L=875m, max span:105m.) and Post tension section  (L=825m, max span:63m.)<\/p>","protected":false},"excerpt":{"rendered":"<p>Adana Metropolitan Municipality<\/p>","protected":false},"featured_media":1309,"comment_status":"open","ping_status":"closed","template":"","meta":[],"product_cat":[33],"product_tag":[],"class_list":{"0":"post-877","1":"product","2":"type-product","3":"status-publish","4":"has-post-thumbnail","6":"product_cat-33","8":"first","9":"instock","10":"shipping-taxable","11":"product-type-simple"},"_links":{"self":[{"href":"https:\/\/prizmagroup.net\/en\/wp-json\/wp\/v2\/product\/877","targetHints":{"allow":["GET"]}}],"collection":[{"href":"https:\/\/prizmagroup.net\/en\/wp-json\/wp\/v2\/product"}],"about":[{"href":"https:\/\/prizmagroup.net\/en\/wp-json\/wp\/v2\/types\/product"}],"replies":[{"embeddable":true,"href":"https:\/\/prizmagroup.net\/en\/wp-json\/wp\/v2\/comments?post=877"}],"wp:featuredmedia":[{"embeddable":true,"href":"https:\/\/prizmagroup.net\/en\/wp-json\/wp\/v2\/media\/1309"}],"wp:attachment":[{"href":"https:\/\/prizmagroup.net\/en\/wp-json\/wp\/v2\/media?parent=877"}],"wp:term":[{"taxonomy":"product_cat","embeddable":true,"href":"https:\/\/prizmagroup.net\/en\/wp-json\/wp\/v2\/product_cat?post=877"},{"taxonomy":"product_tag","embeddable":true,"href":"https:\/\/prizmagroup.net\/en\/wp-json\/wp\/v2\/product_tag?post=877"}],"curies":[{"name":"wp","href":"https:\/\/api.w.org\/{rel}","templated":true}]}}