{"id":927,"date":"2024-08-11T22:46:29","date_gmt":"2024-08-11T22:46:29","guid":{"rendered":"https:\/\/prizmagroup.net\/?post_type=product&#038;p=927"},"modified":"2024-09-10T10:09:57","modified_gmt":"2024-09-10T10:09:57","slug":"sabiha-gokcen-havalimani-2-pist-ve-mutemmimleri-ii-etap-isleri","status":"publish","type":"product","link":"https:\/\/prizmagroup.net\/en\/projeler\/sabiha-gokcen-havalimani-2-pist-ve-mutemmimleri-ii-etap-isleri\/","title":{"rendered":"157. Sabiha G\u00f6k\u00e7en Airport 2nd Runway and Supplements II. Stage Works"},"content":{"rendered":"<p>-\u00c7evreyolu Tunnel Project<br \/>\n-TEM Tunnel retrofitting Project<br \/>\n-Gallery, Culvert and retaining Wall Project preparation works<\/p>","protected":false},"excerpt":{"rendered":"<p>General Directorate Of State Airports Authority<\/p>","protected":false},"featured_media":1886,"comment_status":"open","ping_status":"closed","template":"","meta":[],"product_cat":[35],"product_tag":[],"class_list":{"0":"post-927","1":"product","2":"type-product","3":"status-publish","4":"has-post-thumbnail","6":"product_cat-35","8":"first","9":"instock","10":"shipping-taxable","11":"product-type-simple"},"_links":{"self":[{"href":"https:\/\/prizmagroup.net\/en\/wp-json\/wp\/v2\/product\/927","targetHints":{"allow":["GET"]}}],"collection":[{"href":"https:\/\/prizmagroup.net\/en\/wp-json\/wp\/v2\/product"}],"about":[{"href":"https:\/\/prizmagroup.net\/en\/wp-json\/wp\/v2\/types\/product"}],"replies":[{"embeddable":true,"href":"https:\/\/prizmagroup.net\/en\/wp-json\/wp\/v2\/comments?post=927"}],"wp:featuredmedia":[{"embeddable":true,"href":"https:\/\/prizmagroup.net\/en\/wp-json\/wp\/v2\/media\/1886"}],"wp:attachment":[{"href":"https:\/\/prizmagroup.net\/en\/wp-json\/wp\/v2\/media?parent=927"}],"wp:term":[{"taxonomy":"product_cat","embeddable":true,"href":"https:\/\/prizmagroup.net\/en\/wp-json\/wp\/v2\/product_cat?post=927"},{"taxonomy":"product_tag","embeddable":true,"href":"https:\/\/prizmagroup.net\/en\/wp-json\/wp\/v2\/product_tag?post=927"}],"curies":[{"name":"wp","href":"https:\/\/api.w.org\/{rel}","templated":true}]}}