{"id":948,"date":"2024-08-11T22:53:55","date_gmt":"2024-08-11T22:53:55","guid":{"rendered":"https:\/\/prizmagroup.net\/?post_type=product&#038;p=948"},"modified":"2024-08-29T21:03:06","modified_gmt":"2024-08-29T21:03:06","slug":"bandirma-565-12-dya-erdek-10-09-iya-km85500-de-bulunan-cayagzi-buyukburgaz-koprusu-karacabey-bursa-devlet-yolu-karacaoba-ayrimi-km-62818-farkli-seviyeli-kavsak-koprusu-keles-domanic-t","status":"publish","type":"product","link":"https:\/\/prizmagroup.net\/en\/projeler\/bandirma-565-12-dya-erdek-10-09-iya-km85500-de-bulunan-cayagzi-buyukburgaz-koprusu-karacabey-bursa-devlet-yolu-karacaoba-ayrimi-km-62818-farkli-seviyeli-kavsak-koprusu-keles-domanic-t\/","title":{"rendered":"170. Band\u0131rma (565-12) DYA - Erdek (10-09) \u00c7aya\u011fz\u0131 (B\u00fcy\u00fckburgaz) Bridge, located at \u0130YA Km:85+500, Karacabey-Bursa State Road Karacaoba Junction (Km: 62+818) Differential Intersection Bridge, Keles-( Domani\u00e7-Tav\u015fanl\u0131) Sep. Provincial Road (Km: 50+865) DDY Overpass Bridge, Bursa-\u0130neg\u00f6l State Road (200-06) Akini\u015f Bridge Expansion at Km: 0+300 and K\u00fctahya Entrance Bridge Junction Bridge Expansion Application Projects for Boz\u00fcy\u00fck-K\u00fctahya Road Services"},"content":{"rendered":"<p>-4 prestressed concrete bridge projects preparation Works<\/p>","protected":false},"excerpt":{"rendered":"<p>General Directorate of Highways 14'th Division Directorate<\/p>","protected":false},"featured_media":0,"comment_status":"open","ping_status":"closed","template":"","meta":[],"product_cat":[34],"product_tag":[],"class_list":{"0":"post-948","1":"product","2":"type-product","3":"status-publish","5":"product_cat-34","7":"first","8":"instock","9":"shipping-taxable","10":"product-type-simple"},"_links":{"self":[{"href":"https:\/\/prizmagroup.net\/en\/wp-json\/wp\/v2\/product\/948","targetHints":{"allow":["GET"]}}],"collection":[{"href":"https:\/\/prizmagroup.net\/en\/wp-json\/wp\/v2\/product"}],"about":[{"href":"https:\/\/prizmagroup.net\/en\/wp-json\/wp\/v2\/types\/product"}],"replies":[{"embeddable":true,"href":"https:\/\/prizmagroup.net\/en\/wp-json\/wp\/v2\/comments?post=948"}],"wp:attachment":[{"href":"https:\/\/prizmagroup.net\/en\/wp-json\/wp\/v2\/media?parent=948"}],"wp:term":[{"taxonomy":"product_cat","embeddable":true,"href":"https:\/\/prizmagroup.net\/en\/wp-json\/wp\/v2\/product_cat?post=948"},{"taxonomy":"product_tag","embeddable":true,"href":"https:\/\/prizmagroup.net\/en\/wp-json\/wp\/v2\/product_tag?post=948"}],"curies":[{"name":"wp","href":"https:\/\/api.w.org\/{rel}","templated":true}]}}