{"id":962,"date":"2024-08-11T22:58:44","date_gmt":"2024-08-11T22:58:44","guid":{"rendered":"https:\/\/prizmagroup.net\/?post_type=product&#038;p=962"},"modified":"2024-08-29T21:00:37","modified_gmt":"2024-08-29T21:00:37","slug":"gaziantep-sanliurfa-otoyolu-gaziantep-birecik-kesimi-km-41948-000-43145-000-firat-viyadugu-13-aksinda-oyulma-sonucu-olusan-problemlerin-giderilmesi-ayak-onarim-ve-guclendirme-uygulama-projel","status":"publish","type":"product","link":"https:\/\/prizmagroup.net\/en\/projeler\/gaziantep-sanliurfa-otoyolu-gaziantep-birecik-kesimi-km-41948-000-43145-000-firat-viyadugu-13-aksinda-oyulma-sonucu-olusan-problemlerin-giderilmesi-ayak-onarim-ve-guclendirme-uygulama-projel\/","title":{"rendered":"181. Gaziantep-\u015eanl\u0131urfa Highway Gaziantep-Birecik Section Km: 41+948,000 - 43+145.000 F\u0131rat Viaduct Resolving Problems Caused by Carving in 13 Axis, Preparation of Pile Foundation Repairing and Retrofitting Application Projects, Consultancy Service Procurement Work"},"content":{"rendered":"<p>- Preparation of Retrofitting projects  of F\u0131rat Viaduct<\/p>","protected":false},"excerpt":{"rendered":"<p>General Directorate of Highways 9\u2019th Division Directorate<\/p>","protected":false},"featured_media":0,"comment_status":"open","ping_status":"closed","template":"","meta":[],"product_cat":[38],"product_tag":[],"class_list":{"0":"post-962","1":"product","2":"type-product","3":"status-publish","5":"product_cat-38","7":"first","8":"instock","9":"shipping-taxable","10":"product-type-simple"},"_links":{"self":[{"href":"https:\/\/prizmagroup.net\/en\/wp-json\/wp\/v2\/product\/962","targetHints":{"allow":["GET"]}}],"collection":[{"href":"https:\/\/prizmagroup.net\/en\/wp-json\/wp\/v2\/product"}],"about":[{"href":"https:\/\/prizmagroup.net\/en\/wp-json\/wp\/v2\/types\/product"}],"replies":[{"embeddable":true,"href":"https:\/\/prizmagroup.net\/en\/wp-json\/wp\/v2\/comments?post=962"}],"wp:attachment":[{"href":"https:\/\/prizmagroup.net\/en\/wp-json\/wp\/v2\/media?parent=962"}],"wp:term":[{"taxonomy":"product_cat","embeddable":true,"href":"https:\/\/prizmagroup.net\/en\/wp-json\/wp\/v2\/product_cat?post=962"},{"taxonomy":"product_tag","embeddable":true,"href":"https:\/\/prizmagroup.net\/en\/wp-json\/wp\/v2\/product_tag?post=962"}],"curies":[{"name":"wp","href":"https:\/\/api.w.org\/{rel}","templated":true}]}}