{"id":964,"date":"2024-08-11T22:59:22","date_gmt":"2024-08-11T22:59:22","guid":{"rendered":"https:\/\/prizmagroup.net\/?post_type=product&#038;p=964"},"modified":"2024-08-29T21:00:26","modified_gmt":"2024-08-29T21:00:26","slug":"bursa-keles-ayr-orhaneli-il-yolu-doganci-baraj-varyanti-km9600-13205-arasi-toprak-isleri-sanat-yapilari-kopru-tunel-ve-ustyapi-isleri-insaati-ikmal-isi-doganci-viyadugu-uygulama-projelerinin-h","status":"publish","type":"product","link":"https:\/\/prizmagroup.net\/en\/projeler\/bursa-keles-ayr-orhaneli-il-yolu-doganci-baraj-varyanti-km9600-13205-arasi-toprak-isleri-sanat-yapilari-kopru-tunel-ve-ustyapi-isleri-insaati-ikmal-isi-doganci-viyadugu-uygulama-projelerinin-h\/","title":{"rendered":"183. (Bursa-Keles) Junction - Orhaneli Provincial Road Do\u011fanc\u0131 Dam Variant Between Km:9+600-13+205 Earthworks, Engineering Buildings Bridge Tunnel and Superstructure Works Construction Supply Work Do\u011fanc\u0131 Viaduct Application Project Preparation Work"},"content":{"rendered":"<p>- Preparation of Do\u011fanc\u0131 Viaduct final design projects<\/p>","protected":false},"excerpt":{"rendered":"<p>General Directorate of Highways 14'th Division Directorate<\/p>","protected":false},"featured_media":0,"comment_status":"open","ping_status":"closed","template":"","meta":[],"product_cat":[38],"product_tag":[],"class_list":{"0":"post-964","1":"product","2":"type-product","3":"status-publish","5":"product_cat-38","7":"first","8":"instock","9":"shipping-taxable","10":"product-type-simple"},"_links":{"self":[{"href":"https:\/\/prizmagroup.net\/en\/wp-json\/wp\/v2\/product\/964","targetHints":{"allow":["GET"]}}],"collection":[{"href":"https:\/\/prizmagroup.net\/en\/wp-json\/wp\/v2\/product"}],"about":[{"href":"https:\/\/prizmagroup.net\/en\/wp-json\/wp\/v2\/types\/product"}],"replies":[{"embeddable":true,"href":"https:\/\/prizmagroup.net\/en\/wp-json\/wp\/v2\/comments?post=964"}],"wp:attachment":[{"href":"https:\/\/prizmagroup.net\/en\/wp-json\/wp\/v2\/media?parent=964"}],"wp:term":[{"taxonomy":"product_cat","embeddable":true,"href":"https:\/\/prizmagroup.net\/en\/wp-json\/wp\/v2\/product_cat?post=964"},{"taxonomy":"product_tag","embeddable":true,"href":"https:\/\/prizmagroup.net\/en\/wp-json\/wp\/v2\/product_tag?post=964"}],"curies":[{"name":"wp","href":"https:\/\/api.w.org\/{rel}","templated":true}]}}