{"id":968,"date":"2024-08-11T23:01:51","date_gmt":"2024-08-11T23:01:51","guid":{"rendered":"https:\/\/prizmagroup.net\/?post_type=product&#038;p=968"},"modified":"2024-08-29T20:59:51","modified_gmt":"2024-08-29T20:59:51","slug":"16-78-k-k-no-lu-bandirma-karacabey-200-04-dya-bursa-balikesir-il-sn-il-yolu-km2550-de-bulunan-beykoy-deresi-koprusune-ait-uygulama-ve-geoteknik-projelerinin-yaptirilmasi-hizmet-alimi-isi","status":"publish","type":"product","link":"https:\/\/prizmagroup.net\/en\/projeler\/16-78-k-k-no-lu-bandirma-karacabey-200-04-dya-bursa-balikesir-il-sn-il-yolu-km2550-de-bulunan-beykoy-deresi-koprusune-ait-uygulama-ve-geoteknik-projelerinin-yaptirilmasi-hizmet-alimi-isi\/","title":{"rendered":"187. K.K.No. 16-78 (Band\u0131rma-Karacabey) (200-04) DYA - (Bursa-Bal\u0131kesir) Province Final Design  and Geotechnical Projects Preparation Service Work of the Beyk\u00f6y River Bridge Located on the Provincial Road Ch:2+550"},"content":{"rendered":"<p>-L=154 m., Max span 66m. Steel Bridge Project preparation works<br \/>\n- Soil Research services<\/p>","protected":false},"excerpt":{"rendered":"<p>General Directorate of Highways 14'th Division Directorate<\/p>","protected":false},"featured_media":0,"comment_status":"open","ping_status":"closed","template":"","meta":[],"product_cat":[38],"product_tag":[],"class_list":{"0":"post-968","1":"product","2":"type-product","3":"status-publish","5":"product_cat-38","7":"first","8":"instock","9":"shipping-taxable","10":"product-type-simple"},"_links":{"self":[{"href":"https:\/\/prizmagroup.net\/en\/wp-json\/wp\/v2\/product\/968","targetHints":{"allow":["GET"]}}],"collection":[{"href":"https:\/\/prizmagroup.net\/en\/wp-json\/wp\/v2\/product"}],"about":[{"href":"https:\/\/prizmagroup.net\/en\/wp-json\/wp\/v2\/types\/product"}],"replies":[{"embeddable":true,"href":"https:\/\/prizmagroup.net\/en\/wp-json\/wp\/v2\/comments?post=968"}],"wp:attachment":[{"href":"https:\/\/prizmagroup.net\/en\/wp-json\/wp\/v2\/media?parent=968"}],"wp:term":[{"taxonomy":"product_cat","embeddable":true,"href":"https:\/\/prizmagroup.net\/en\/wp-json\/wp\/v2\/product_cat?post=968"},{"taxonomy":"product_tag","embeddable":true,"href":"https:\/\/prizmagroup.net\/en\/wp-json\/wp\/v2\/product_tag?post=968"}],"curies":[{"name":"wp","href":"https:\/\/api.w.org\/{rel}","templated":true}]}}