{"id":969,"date":"2024-08-11T23:02:11","date_gmt":"2024-08-11T23:02:11","guid":{"rendered":"https:\/\/prizmagroup.net\/?post_type=product&#038;p=969"},"modified":"2024-08-29T20:59:46","modified_gmt":"2024-08-29T20:59:46","slug":"istanbul-geneli-yol-tunel-ve-koprulu-kavsak-tamamlama-insaati-d-100-karayolu-bostanci-altgecidi-ve-baglanti-yollari-insaati-etut-proje-ve-muhendislik-hizmetleri","status":"publish","type":"product","link":"https:\/\/prizmagroup.net\/en\/projeler\/istanbul-geneli-yol-tunel-ve-koprulu-kavsak-tamamlama-insaati-d-100-karayolu-bostanci-altgecidi-ve-baglanti-yollari-insaati-etut-proje-ve-muhendislik-hizmetleri\/","title":{"rendered":"188. Istanbul-wide Road, Tunnel and Bridge Interchange Completion Construction, D100 Highway Bostanc\u0131 Underpass and Connection Roads Construction Work      ,Survey Project Engineering Works"},"content":{"rendered":"<p>- Preparation of 7 Horizontal drill shafts Project preparation<br \/>\n- Preparation of Retaining Wall projects (2000 m2)<\/p>","protected":false},"excerpt":{"rendered":"<p>\u0130stanbul \u00dcstyap\u0131 Construction Co.Inc-\u0130spa Construction Co.Inc  Partnership<\/p>","protected":false},"featured_media":0,"comment_status":"open","ping_status":"closed","template":"","meta":[],"product_cat":[38],"product_tag":[],"class_list":{"0":"post-969","1":"product","2":"type-product","3":"status-publish","5":"product_cat-38","7":"first","8":"instock","9":"shipping-taxable","10":"product-type-simple"},"_links":{"self":[{"href":"https:\/\/prizmagroup.net\/en\/wp-json\/wp\/v2\/product\/969","targetHints":{"allow":["GET"]}}],"collection":[{"href":"https:\/\/prizmagroup.net\/en\/wp-json\/wp\/v2\/product"}],"about":[{"href":"https:\/\/prizmagroup.net\/en\/wp-json\/wp\/v2\/types\/product"}],"replies":[{"embeddable":true,"href":"https:\/\/prizmagroup.net\/en\/wp-json\/wp\/v2\/comments?post=969"}],"wp:attachment":[{"href":"https:\/\/prizmagroup.net\/en\/wp-json\/wp\/v2\/media?parent=969"}],"wp:term":[{"taxonomy":"product_cat","embeddable":true,"href":"https:\/\/prizmagroup.net\/en\/wp-json\/wp\/v2\/product_cat?post=969"},{"taxonomy":"product_tag","embeddable":true,"href":"https:\/\/prizmagroup.net\/en\/wp-json\/wp\/v2\/product_tag?post=969"}],"curies":[{"name":"wp","href":"https:\/\/api.w.org\/{rel}","templated":true}]}}