{"id":983,"date":"2024-08-11T23:06:55","date_gmt":"2024-08-11T23:06:55","guid":{"rendered":"https:\/\/prizmagroup.net\/?post_type=product&#038;p=983"},"modified":"2024-09-10T21:14:14","modified_gmt":"2024-09-10T21:14:14","slug":"adapazari-hendek-ayr-karapurcek-akyazi-il-yolu-toprak-isleri-sanat-yapilari-kopru-isleri-ustyapi-ve-cesitli-isler-yapim-isi-etut-proje-ve-muhendislik-hizmetleri","status":"publish","type":"product","link":"https:\/\/prizmagroup.net\/en\/projeler\/adapazari-hendek-ayr-karapurcek-akyazi-il-yolu-toprak-isleri-sanat-yapilari-kopru-isleri-ustyapi-ve-cesitli-isler-yapim-isi-etut-proje-ve-muhendislik-hizmetleri\/","title":{"rendered":"197.  (Adapazar\u0131-Hendek) Distinction - Karap\u00fcr\u00e7ek \u2013 Akyaz\u0131 Provincial road Earth Works, Infra structures, Bridges Works, Superstructure and Various Works Construction Work\nSurvey Project Engineering Works"},"content":{"rendered":"<p>- Preparation of 3 Bridges Project<br \/>\n- 15 km Road project preparation<br \/>\n- Preparation of 15 km drainage and trafic projects<br \/>\n-Soil investigation project services<\/p>","protected":false},"excerpt":{"rendered":"<p>General Directorate of Highways 1'th Division Directorate<\/p>","protected":false},"featured_media":0,"comment_status":"open","ping_status":"closed","template":"","meta":[],"product_cat":[39],"product_tag":[],"class_list":{"0":"post-983","1":"product","2":"type-product","3":"status-publish","5":"product_cat-39","7":"first","8":"instock","9":"shipping-taxable","10":"product-type-simple"},"_links":{"self":[{"href":"https:\/\/prizmagroup.net\/en\/wp-json\/wp\/v2\/product\/983","targetHints":{"allow":["GET"]}}],"collection":[{"href":"https:\/\/prizmagroup.net\/en\/wp-json\/wp\/v2\/product"}],"about":[{"href":"https:\/\/prizmagroup.net\/en\/wp-json\/wp\/v2\/types\/product"}],"replies":[{"embeddable":true,"href":"https:\/\/prizmagroup.net\/en\/wp-json\/wp\/v2\/comments?post=983"}],"wp:attachment":[{"href":"https:\/\/prizmagroup.net\/en\/wp-json\/wp\/v2\/media?parent=983"}],"wp:term":[{"taxonomy":"product_cat","embeddable":true,"href":"https:\/\/prizmagroup.net\/en\/wp-json\/wp\/v2\/product_cat?post=983"},{"taxonomy":"product_tag","embeddable":true,"href":"https:\/\/prizmagroup.net\/en\/wp-json\/wp\/v2\/product_tag?post=983"}],"curies":[{"name":"wp","href":"https:\/\/api.w.org\/{rel}","templated":true}]}}